{"id":350,"date":"2018-07-04T14:10:37","date_gmt":"2018-07-04T14:10:37","guid":{"rendered":"http:\/\/www.citykamp.com\/leschaletsdebourgsaintmaurice\/services-hiver\/"},"modified":"2023-01-05T15:25:18","modified_gmt":"2023-01-05T15:25:18","slug":"winterdienste","status":"publish","type":"page","link":"https:\/\/www.chalets-bourgsaintmaurice.com\/de\/winterdienste\/","title":{"rendered":"Winterdienste"},"content":{"rendered":"<div class=\"wpb-content-wrapper\"><p>[vc_row][vc_column][vc_single_image image=&#8220;559&#8243; img_size=&#8220;1900&#215;500&#8243;][\/vc_column][\/vc_row][vc_row][vc_column]<div class=\"wrappedcontent\">[vc_column_text]<\/p>\n<h3>Unsere Serviceleistungen f\u00fcr ein unbeschwertes Skierlebnis<\/h3>\n<p>Ob in einem unserer Chalets oder beim Wintercamping: die Winterserviceleistungen von Huttopia Bourg-Saint-Maurice &#8211; Les Arcs werden Ihnen gefallen.[\/vc_column_text][vc_empty_space][vc_row_inner gap=&#8220;25&#8243; css=&#8220;.vc_custom_1530884011275{margin-left: -0.5px !important;}&#8220;][vc_column_inner width=&#8220;1\/2&#8243;][vc_masonry_media_grid element_width=&#8220;12&#8243; gap=&#8220;0&#8243; item=&#8220;77&#8243; grid_id=&#8220;vc_gid:1672932260885-1cb23304-d889-9&#8243; include=&#8220;844&#8243;][vc_empty_space height=&#8220;12px&#8220;][vc_column_text]Unser Team steht Ihnen gerne mit allen relevanten Informationen \u00fcber Bourg-Saint-Maurice und die Savoyen zur Seite, damit Sie sich ganz leicht zurecht finden: Lageplan, Zugang zu den Pisten, Skipassverkauf, Fahrplan des Shuttlebusses zur Seilbahn von Les Arcs, Wintersport- und Unterhaltungsprogramm in der Umgebung &#8230;[\/vc_column_text][vc_empty_space height=&#8220;12px&#8220;][vc_column_text css=&#8220;.vc_custom_1531986756700{padding-top: 15px !important;padding-right: 15px !important;padding-bottom: 15px !important;padding-left: 15px !important;background-color: #e8e8e8 !important;}&#8220;]<strong>An der Rezeption k\u00f6nnen Sie Skip\u00e4sse zu g\u00fcnstigen Konditionen erwerben!<\/strong>[\/vc_column_text][\/vc_column_inner][vc_column_inner width=&#8220;1\/2&#8243;][vc_masonry_media_grid element_width=&#8220;12&#8243; gap=&#8220;0&#8243; item=&#8220;77&#8243; grid_id=&#8220;vc_gid:1672932260888-5002d66d-a6e6-7&#8243; include=&#8220;847&#8243;][vc_empty_space height=&#8220;12px&#8220;][vc_column_text]Der ideale Treffpunkt nach einem tollen Skitag! Machen Sie es sich um den Holzofen herum mit einem hei\u00dfen Getr\u00e4nk und einem guten Buch in der Hand bequem. Gem\u00fctliche Sofas, B\u00fccher und Zeitschriften stehen Ihnen zur Verf\u00fcgung, au\u00dferdem TV, Tischfu\u00dfball, Gesellschaftsspiele uvm. So l\u00e4sst es sich in den Ferien aushalten![\/vc_column_text][vc_empty_space height=&#8220;12px&#8220;][vc_column_text css=&#8220;.vc_custom_1531986783638{padding-top: 15px !important;padding-right: 15px !important;padding-bottom: 15px !important;padding-left: 15px !important;background-color: #e8e8e8 !important;}&#8220;]<strong>Gef\u00e4llt mir: Tee und Kaffee mit Selbstbedienung. Was k\u00f6nnte es Sch\u00f6neres geben, um sich nach einem Tag auf der Piste aufzuw\u00e4rmen?<\/strong>[\/vc_column_text][\/vc_column_inner][\/vc_row_inner][vc_empty_space][vc_masonry_media_grid element_width=&#8220;12&#8243; gap=&#8220;0&#8243; item=&#8220;78&#8243; grid_id=&#8220;vc_gid:1672932260891-dd6b591e-c952-5&#8243; include=&#8220;565&#8243;][vc_empty_space height=&#8220;12px&#8220;][vc_column_text css=&#8220;.vc_custom_1561121328016{padding-top: 15px !important;padding-right: 15px !important;padding-bottom: 15px !important;padding-left: 15px !important;background-color: #ffffff !important;}&#8220;]<\/p>\n<p style=\"text-align: center;\"><strong>Um Ihnen das Leben zu erleichtern, bietet Ihnen Huttopia Bourg-Saint-Maurice &#8211; Les Arcs w\u00e4hrend der ganzen Skisaison spezielle Serviceleistungen<\/strong><\/p>\n<p>[\/vc_column_text][vc_empty_space height=&#8220;12px&#8220;][vc_row_inner gap=&#8220;20&#8243; css=&#8220;.vc_custom_1561120951878{margin-left: -0.5px !important;}&#8220;][vc_column_inner width=&#8220;1\/2&#8243;][vc_column_text]<\/p>\n<h3 style=\"text-align: center;\"><strong>INFORMATIONEN<\/strong><\/h3>\n<p>[\/vc_column_text][\/vc_column_inner][vc_column_inner width=&#8220;1\/2&#8243;][vc_column_text]<\/p>\n<h3 style=\"text-align: center;\"><strong>SKI-SCHN\u00c4PPCHEN<\/strong><\/h3>\n<p>[\/vc_column_text][\/vc_column_inner][\/vc_row_inner][vc_row_inner gap=&#8220;35&#8243; css=&#8220;.vc_custom_1561121398280{margin-left: -0.5px !important;}&#8220;][vc_column_inner width=&#8220;1\/2&#8243;][vc_column_text]&gt; <strong>Ski- und Trockenraum<\/strong>: praktisch um Ihre Ausr\u00fcstung und Ihre Skischuhe zwischenzulagern<br \/>\n&gt; <strong>Gratis-Shuttle<\/strong> nach vorheriger Reservierung zur Seilbahn von Les Arcs!<br \/>\n&gt; <strong>Fondue- und Racletteger\u00e4t<\/strong> in Ihrem Chalet[\/vc_column_text][\/vc_column_inner][vc_column_inner width=&#8220;1\/2&#8243;][vc_column_text]&gt; Buchen Sie Ihre <strong>Skiausr\u00fcstung zum Bestpreis<\/strong> dank der erm\u00e4\u00dfigten Preise bei unserem Partnerunternehmen SKISET. Es geht ganz einfach: Gleich anschlie\u00dfend an Ihre Chalet-Buchung, erhalten Sie automatisch einen exklusiven Buchungslink.<br \/>\n&gt; Verkauf von <strong>Skip\u00e4ssen zu erm\u00e4\u00dfigten Preisen<\/strong>[\/vc_column_text][\/vc_column_inner][\/vc_row_inner][vc_empty_space height=&#8220;12px&#8220;][vc_column_text css=&#8220;.vc_custom_1561121345252{padding-top: 15px !important;padding-right: 15px !important;padding-bottom: 15px !important;padding-left: 15px !important;background-color: #e8e8e8 !important;}&#8220;]<\/p>\n<p style=\"text-align: center;\"><strong>Mit dem Gratis-Shuttlebus gelangen Sie in nur 5 Minuten zur Seilbahn von Les Arcs, die Sie 7 Minuten sp\u00e4ter zu den Pisten von Les Arcs 1600 bringt! <\/strong><\/p>\n<p>[\/vc_column_text]<div class=\"text-center btnwrap\"><a class=\"btn btn-huttopia-cta\" href=\"http:\/\/checkout.huttopia.com\/redirect\/de\/905\" role=\"button\" target=\"\" onclick=\"dataLayer.push({'event':'clickCity', 'clickText':'Buchen Sie Ihren Aufenthalt'})\">Buchen Sie Ihren Aufenthalt<\/a><\/div><\/div>[\/vc_column][\/vc_row][vc_row css=&#8220;.vc_custom_1530884243821{background-color: #e8e8e8 !important;}&#8220;][vc_column]<div class=\"wrappedcontent\">[vc_row_inner gap=&#8220;25&#8243; css=&#8220;.vc_custom_1530884177182{margin-left: -0.5px !important;}&#8220;][vc_column_inner width=&#8220;1\/2&#8243;][vc_column_text]<\/p>\n<h4>Wie praktisch!<\/h4>\n<ul>\n<li>Gratis W-Lan im Gemeinschaftsbereich und Internetzugang an der Rezeption<\/li>\n<li>Waschraum mit Waschmaschine und Trockner (M\u00fcnzen und Waschmittelverkauf an der Rezeption)<\/li>\n<li>Kinderspielplatz<\/li>\n<li>Ein kleiner Lebensmittelladen mit dem N\u00f6tigsten, eine Auswahl an Weinen und regionalen Produkten, damit es Ihnen an nichts fehlt<\/li>\n<li>Morgens frisches Brot und Geb\u00e4ck auf Bestellung<\/li>\n<\/ul>\n<p>[\/vc_column_text][\/vc_column_inner][vc_column_inner width=&#8220;1\/2&#8243;][vc_masonry_media_grid element_width=&#8220;12&#8243; gap=&#8220;0&#8243; item=&#8220;65&#8243; grid_id=&#8220;vc_gid:1672932260896-f9610862-fd93-10&#8243; include=&#8220;562&#8243;][\/vc_column_inner][\/vc_row_inner]<\/div>[\/vc_column][\/vc_row][vc_row][vc_column]<div class=\"wrappedcontent\">[vc_column_text]<\/p>\n<h4>Gesch\u00e4fte in der Umgebung<\/h4>\n<p>200 m von Huttopia Bourg Saint Maurice entfernt: Superm\u00e4rkte, Sportgesch\u00e4fte, Tankstelle, Baumarkt &#8230;<br \/>\n800 m entfernt: Kino, Restaurants, alle Gesch\u00e4fte in der N\u00e4he.[\/vc_column_text][vc_empty_space height=&#8220;50px&#8220;][vc_row_inner equal_height=&#8220;yes&#8220; gap=&#8220;20&#8243; css=&#8220;.vc_custom_1531753283372{margin-left: -0.5px !important;}&#8220;][vc_column_inner width=&#8220;1\/4&#8243; css=&#8220;.vc_custom_1531753290717{background-color: #e8e8e8 !important;}&#8220;][vc_icon icon_fontawesome=&#8220;fa fa-camera&#8220; color=&#8220;custom&#8220; size=&#8220;lg&#8220; align=&#8220;center&#8220; custom_color=&#8220;#23afc2&#8243; link=&#8220;url:https%3A%2F%2Fwww.chalets-bourgsaintmaurice.com%2Fde%2Ffotogalerie%2F||target:%20_blank|&#8220; css=&#8220;.vc_custom_1532607954691{margin-bottom: -10px !important;padding-top: 15px !important;}&#8220;][vc_column_text css=&#8220;.vc_custom_1532607946241{padding-top: 25px !important;padding-right: 15px !important;padding-bottom: 15px !important;padding-left: 15px !important;}&#8220;]<\/p>\n<p style=\"text-align: center;\"><a href=\"https:\/\/www.chalets-bourgsaintmaurice.com\/de\/fotogalerie\/\" target=\"_blank\" rel=\"noopener noreferrer\"><strong>Fotogalerie<\/strong><\/a><\/p>\n<p>[\/vc_column_text][\/vc_column_inner][vc_column_inner width=&#8220;1\/4&#8243; css=&#8220;.vc_custom_1531753294732{background-color: #e8e8e8 !important;}&#8220;][vc_icon icon_fontawesome=&#8220;&#8220; color=&#8220;custom&#8220; size=&#8220;lg&#8220; align=&#8220;center&#8220; custom_color=&#8220;#23afc2&#8243; link=&#8220;url:https%3A%2F%2Fmedia.huttopia.com%2Fdestinations%2Fbourg-saint-maurice%2Fhuttopia-bourg-saint-maurice-plan.pdf|target:_blank&#8220; css=&#8220;.vc_custom_1672932315816{margin-bottom: -10px !important;padding-top: 15px !important;}&#8220;][vc_column_text css=&#8220;.vc_custom_1672932309236{padding-top: 25px !important;padding-right: 15px !important;padding-bottom: 15px !important;padding-left: 15px !important;}&#8220;]<\/p>\n<p style=\"text-align: center;\"><a href=\"https:\/\/media.huttopia.com\/destinations\/bourg-saint-maurice\/huttopia-bourg-saint-maurice-plan.pdf\" target=\"_blank\" rel=\"noopener noreferrer\"><strong>Platzplan<\/strong><\/a><\/p>\n<p>[\/vc_column_text][\/vc_column_inner][vc_column_inner width=&#8220;1\/4&#8243; css=&#8220;.vc_custom_1531753299407{background-color: #e8e8e8 !important;}&#8220;][vc_icon icon_fontawesome=&#8220;fa fa-calendar-check-o&#8220; color=&#8220;custom&#8220; size=&#8220;lg&#8220; align=&#8220;center&#8220; custom_color=&#8220;#23afc2&#8243; link=&#8220;url:http%3A%2F%2Fcheckout.huttopia.com%2Fredirect%2Fde%2F905||target:%20_blank|&#8220; css=&#8220;.vc_custom_1531924780223{margin-bottom: -10px !important;padding-top: 15px !important;}&#8220;][vc_column_text css=&#8220;.vc_custom_1531924770088{padding-top: 25px !important;padding-right: 15px !important;padding-bottom: 15px !important;padding-left: 15px !important;}&#8220;]<\/p>\n<p style=\"text-align: center;\"><a href=\"http:\/\/checkout.huttopia.com\/redirect\/de\/905\" target=\"_blank\" rel=\"noopener noreferrer\"><strong>Buchen Sie Ihren Aufenthalt<\/strong><\/a><\/p>\n<p>[\/vc_column_text][\/vc_column_inner][vc_column_inner width=&#8220;1\/4&#8243; css=&#8220;.vc_custom_1531753303819{background-color: #e8e8e8 !important;}&#8220;][vc_icon icon_fontawesome=&#8220;fa fa-map-marker&#8220; color=&#8220;custom&#8220; size=&#8220;lg&#8220; align=&#8220;center&#8220; custom_color=&#8220;#23afc2&#8243; link=&#8220;url:https%3A%2F%2Fgoo.gl%2Fmaps%2F91aPmw4P4Ms||target:%20_blank|&#8220; css=&#8220;.vc_custom_1531753519174{margin-bottom: -10px !important;padding-top: 15px !important;}&#8220;][vc_column_text css=&#8220;.vc_custom_1531929374950{padding-top: 25px !important;padding-right: 15px !important;padding-bottom: 15px !important;padding-left: 15px !important;}&#8220;]<\/p>\n<p style=\"text-align: center;\"><a href=\"https:\/\/goo.gl\/maps\/91aPmw4P4Ms\" target=\"_blank\" rel=\"noopener noreferrer\"><strong>Reiseroute<\/strong><\/a><\/p>\n<p>[\/vc_column_text][\/vc_column_inner][\/vc_row_inner]<\/div>[\/vc_column][\/vc_row][vc_row css=&#8220;.vc_custom_1531753776100{background-color: #e8e8e8 !important;}&#8220;][vc_column]<div class=\"wrappedcontent\">[vc_column_text]<\/p>\n<h4>Fotos von Winterdienst f\u00fcr Skifahrer | Huttopia Bourg-St-Maurice<\/h4>\n<p>[\/vc_column_text][vc_empty_space height=&#8220;18px&#8220;][vc_masonry_media_grid style=&#8220;load-more&#8220; items_per_page=&#8220;4&#8243; element_width=&#8220;3&#8243; gap=&#8220;10&#8243; item=&#8220;44&#8243; btn_title=&#8220;MEHR&#8220; btn_style=&#8220;custom&#8220; btn_custom_background=&#8220;#23afc2&#8243; btn_custom_text=&#8220;#ffffff&#8220; btn_shape=&#8220;square&#8220; btn_i_icon_fontawesome=&#8220;fa fa-camera&#8220; btn_add_icon=&#8220;true&#8220; grid_id=&#8220;vc_gid:1672932260902-d6ee6333-6e50-3&#8243; include=&#8220;742,745,748,751,754&#8243;]<\/div>[\/vc_column][\/vc_row]<\/p>\n<\/div>","protected":false},"excerpt":{"rendered":"<p>[vc_row][vc_column][vc_single_image image=&#8220;559&#8243; img_size=&#8220;1900&#215;500&#8243;][\/vc_column][\/vc_row][vc_row][vc_column][\/vc_column][\/vc_row][vc_row css=&#8220;.vc_custom_1530884243821{background-color: #e8e8e8 !important;}&#8220;][vc_column][\/vc_column][\/vc_row][vc_row][vc_column][\/vc_column][\/vc_row][vc_row css=&#8220;.vc_custom_1531753776100{background-color: #e8e8e8 !important;}&#8220;][vc_column][\/vc_column][\/vc_row]<\/p>\n","protected":false},"author":1,"featured_media":0,"parent":0,"menu_order":0,"comment_status":"closed","ping_status":"closed","template":"","meta":{"footnotes":""},"class_list":["post-350","page","type-page","status-publish","hentry"],"yoast_head":"<!-- This site is optimized with the Yoast SEO plugin v25.6 - https:\/\/yoast.com\/wordpress\/plugins\/seo\/ -->\n<title>Spezielle Dienstleistungen Skifahrer | Huttopia Bourg-St-Maurice<\/title>\n<meta name=\"description\" content=\"Entdecken Sie die angepassten Dienstleistungen auf dem Campingplatz Huttopia Bourg St Maurice: ein Skiraum, kostenloser Shuttle f\u00fcr Les Arcs ... Ein angenehmer Aufenthalt in aller Einfachheit und in vollen Berg!\" \/>\n<meta name=\"robots\" content=\"index, follow, max-snippet:-1, max-image-preview:large, max-video-preview:-1\" \/>\n<link rel=\"canonical\" href=\"https:\/\/www.chalets-bourgsaintmaurice.com\/de\/winterdienste\/\" \/>\n<meta property=\"og:locale\" content=\"de_DE\" \/>\n<meta property=\"og:type\" content=\"article\" \/>\n<meta property=\"og:title\" content=\"Spezielle Dienstleistungen Skifahrer | Huttopia Bourg-St-Maurice\" \/>\n<meta property=\"og:description\" content=\"Entdecken Sie die angepassten Dienstleistungen auf dem Campingplatz Huttopia Bourg St Maurice: ein Skiraum, kostenloser Shuttle f\u00fcr Les Arcs ... Ein angenehmer Aufenthalt in aller Einfachheit und in vollen Berg!\" \/>\n<meta property=\"og:url\" content=\"https:\/\/www.chalets-bourgsaintmaurice.com\/de\/winterdienste\/\" \/>\n<meta property=\"og:site_name\" content=\"Les Chalets de Bourg-St-Maurice\" \/>\n<meta property=\"article:modified_time\" content=\"2023-01-05T15:25:18+00:00\" \/>\n<meta name=\"twitter:card\" content=\"summary_large_image\" \/>\n<meta name=\"twitter:label1\" content=\"Est. reading time\" \/>\n\t<meta name=\"twitter:data1\" content=\"4 Minuten\" \/>\n<script type=\"application\/ld+json\" class=\"yoast-schema-graph\">{\"@context\":\"https:\/\/schema.org\",\"@graph\":[{\"@type\":\"WebPage\",\"@id\":\"https:\/\/www.chalets-bourgsaintmaurice.com\/de\/winterdienste\/\",\"url\":\"https:\/\/www.chalets-bourgsaintmaurice.com\/de\/winterdienste\/\",\"name\":\"Spezielle Dienstleistungen Skifahrer | Huttopia Bourg-St-Maurice\",\"isPartOf\":{\"@id\":\"https:\/\/www.chalets-bourgsaintmaurice.com\/de\/#website\"},\"datePublished\":\"2018-07-04T14:10:37+00:00\",\"dateModified\":\"2023-01-05T15:25:18+00:00\",\"description\":\"Entdecken Sie die angepassten Dienstleistungen auf dem Campingplatz Huttopia Bourg St Maurice: ein Skiraum, kostenloser Shuttle f\u00fcr Les Arcs ... Ein angenehmer Aufenthalt in aller Einfachheit und in vollen Berg!\",\"breadcrumb\":{\"@id\":\"https:\/\/www.chalets-bourgsaintmaurice.com\/de\/winterdienste\/#breadcrumb\"},\"inLanguage\":\"de-DE\",\"potentialAction\":[{\"@type\":\"ReadAction\",\"target\":[\"https:\/\/www.chalets-bourgsaintmaurice.com\/de\/winterdienste\/\"]}]},{\"@type\":\"BreadcrumbList\",\"@id\":\"https:\/\/www.chalets-bourgsaintmaurice.com\/de\/winterdienste\/#breadcrumb\",\"itemListElement\":[{\"@type\":\"ListItem\",\"position\":1,\"name\":\"Home\",\"item\":\"https:\/\/www.chalets-bourgsaintmaurice.com\/de\/\"},{\"@type\":\"ListItem\",\"position\":2,\"name\":\"Winterdienste\"}]},{\"@type\":\"WebSite\",\"@id\":\"https:\/\/www.chalets-bourgsaintmaurice.com\/de\/#website\",\"url\":\"https:\/\/www.chalets-bourgsaintmaurice.com\/de\/\",\"name\":\"Les Chalets de Bourg-St-Maurice\",\"description\":\"Just another Citykamp site\",\"potentialAction\":[{\"@type\":\"SearchAction\",\"target\":{\"@type\":\"EntryPoint\",\"urlTemplate\":\"https:\/\/www.chalets-bourgsaintmaurice.com\/de\/?s={search_term_string}\"},\"query-input\":{\"@type\":\"PropertyValueSpecification\",\"valueRequired\":true,\"valueName\":\"search_term_string\"}}],\"inLanguage\":\"de-DE\"}]}<\/script>\n<!-- \/ Yoast SEO plugin. -->","yoast_head_json":{"title":"Spezielle Dienstleistungen Skifahrer | Huttopia Bourg-St-Maurice","description":"Entdecken Sie die angepassten Dienstleistungen auf dem Campingplatz Huttopia Bourg St Maurice: ein Skiraum, kostenloser Shuttle f\u00fcr Les Arcs ... Ein angenehmer Aufenthalt in aller Einfachheit und in vollen Berg!","robots":{"index":"index","follow":"follow","max-snippet":"max-snippet:-1","max-image-preview":"max-image-preview:large","max-video-preview":"max-video-preview:-1"},"canonical":"https:\/\/www.chalets-bourgsaintmaurice.com\/de\/winterdienste\/","og_locale":"de_DE","og_type":"article","og_title":"Spezielle Dienstleistungen Skifahrer | Huttopia Bourg-St-Maurice","og_description":"Entdecken Sie die angepassten Dienstleistungen auf dem Campingplatz Huttopia Bourg St Maurice: ein Skiraum, kostenloser Shuttle f\u00fcr Les Arcs ... Ein angenehmer Aufenthalt in aller Einfachheit und in vollen Berg!","og_url":"https:\/\/www.chalets-bourgsaintmaurice.com\/de\/winterdienste\/","og_site_name":"Les Chalets de Bourg-St-Maurice","article_modified_time":"2023-01-05T15:25:18+00:00","twitter_card":"summary_large_image","twitter_misc":{"Est. reading time":"4 Minuten"},"schema":{"@context":"https:\/\/schema.org","@graph":[{"@type":"WebPage","@id":"https:\/\/www.chalets-bourgsaintmaurice.com\/de\/winterdienste\/","url":"https:\/\/www.chalets-bourgsaintmaurice.com\/de\/winterdienste\/","name":"Spezielle Dienstleistungen Skifahrer | Huttopia Bourg-St-Maurice","isPartOf":{"@id":"https:\/\/www.chalets-bourgsaintmaurice.com\/de\/#website"},"datePublished":"2018-07-04T14:10:37+00:00","dateModified":"2023-01-05T15:25:18+00:00","description":"Entdecken Sie die angepassten Dienstleistungen auf dem Campingplatz Huttopia Bourg St Maurice: ein Skiraum, kostenloser Shuttle f\u00fcr Les Arcs ... Ein angenehmer Aufenthalt in aller Einfachheit und in vollen Berg!","breadcrumb":{"@id":"https:\/\/www.chalets-bourgsaintmaurice.com\/de\/winterdienste\/#breadcrumb"},"inLanguage":"de-DE","potentialAction":[{"@type":"ReadAction","target":["https:\/\/www.chalets-bourgsaintmaurice.com\/de\/winterdienste\/"]}]},{"@type":"BreadcrumbList","@id":"https:\/\/www.chalets-bourgsaintmaurice.com\/de\/winterdienste\/#breadcrumb","itemListElement":[{"@type":"ListItem","position":1,"name":"Home","item":"https:\/\/www.chalets-bourgsaintmaurice.com\/de\/"},{"@type":"ListItem","position":2,"name":"Winterdienste"}]},{"@type":"WebSite","@id":"https:\/\/www.chalets-bourgsaintmaurice.com\/de\/#website","url":"https:\/\/www.chalets-bourgsaintmaurice.com\/de\/","name":"Les Chalets de Bourg-St-Maurice","description":"Just another Citykamp site","potentialAction":[{"@type":"SearchAction","target":{"@type":"EntryPoint","urlTemplate":"https:\/\/www.chalets-bourgsaintmaurice.com\/de\/?s={search_term_string}"},"query-input":{"@type":"PropertyValueSpecification","valueRequired":true,"valueName":"search_term_string"}}],"inLanguage":"de-DE"}]}},"_links":{"self":[{"href":"https:\/\/www.chalets-bourgsaintmaurice.com\/de\/wp-json\/wp\/v2\/pages\/350","targetHints":{"allow":["GET"]}}],"collection":[{"href":"https:\/\/www.chalets-bourgsaintmaurice.com\/de\/wp-json\/wp\/v2\/pages"}],"about":[{"href":"https:\/\/www.chalets-bourgsaintmaurice.com\/de\/wp-json\/wp\/v2\/types\/page"}],"author":[{"embeddable":true,"href":"https:\/\/www.chalets-bourgsaintmaurice.com\/de\/wp-json\/wp\/v2\/users\/1"}],"replies":[{"embeddable":true,"href":"https:\/\/www.chalets-bourgsaintmaurice.com\/de\/wp-json\/wp\/v2\/comments?post=350"}],"version-history":[{"count":3,"href":"https:\/\/www.chalets-bourgsaintmaurice.com\/de\/wp-json\/wp\/v2\/pages\/350\/revisions"}],"predecessor-version":[{"id":1606,"href":"https:\/\/www.chalets-bourgsaintmaurice.com\/de\/wp-json\/wp\/v2\/pages\/350\/revisions\/1606"}],"wp:attachment":[{"href":"https:\/\/www.chalets-bourgsaintmaurice.com\/de\/wp-json\/wp\/v2\/media?parent=350"}],"curies":[{"name":"wp","href":"https:\/\/api.w.org\/{rel}","templated":true}]}}