{"id":335,"date":"2018-07-04T14:07:56","date_gmt":"2018-07-04T14:07:56","guid":{"rendered":"http:\/\/www.citykamp.com\/leschaletsdebourgsaintmaurice\/region\/"},"modified":"2023-01-05T15:28:20","modified_gmt":"2023-01-05T15:28:20","slug":"region","status":"publish","type":"page","link":"https:\/\/www.chalets-bourgsaintmaurice.com\/de\/region\/","title":{"rendered":"Region"},"content":{"rendered":"<div class=\"wpb-content-wrapper\"><p>[vc_row][vc_column][vc_single_image image=&#8220;595&#8243; img_size=&#8220;1900&#215;500&#8243;][\/vc_column][\/vc_row][vc_row][vc_column]<div class=\"wrappedcontent\">[vc_column_text]<\/p>\n<h3>Besichtigungen und aktivit\u00e4ten in Bourg-Saint-Maurice und umgebung<\/h3>\n<p>[\/vc_column_text][vc_empty_space][vc_row_inner gap=&#8220;25&#8243; css=&#8220;.vc_custom_1530888354951{margin-left: -0.5px !important;}&#8220;][vc_column_inner width=&#8220;1\/3&#8243;][vc_masonry_media_grid element_width=&#8220;12&#8243; gap=&#8220;0&#8243; item=&#8220;42&#8243; grid_id=&#8220;vc_gid:1672932431358-7399502b-0e56-2&#8243; include=&#8220;598&#8243;][vc_empty_space height=&#8220;12px&#8220;][vc_column_text]<\/p>\n<h4>Bourg Saint-Maurice mit dem typischen Charme der Savoyen<\/h4>\n<p>Bourg-Saint-Maurice liegt am Fu\u00dfe des Mont-Blanc-Massivs und zahlreicher weiterer beliebter Berge der Alpen, der Ort in den Savoyen ist typisch f\u00fcr die Region und sehr beliebt. Der ideale Ort f\u00fcr Ferien im Schnee oder f\u00fcr einen winterlichen Kurztrip, um die Savoyen zu erkunden.[\/vc_column_text][\/vc_column_inner][vc_column_inner width=&#8220;1\/3&#8243;][vc_masonry_media_grid element_width=&#8220;12&#8243; gap=&#8220;0&#8243; item=&#8220;42&#8243; grid_id=&#8220;vc_gid:1672932431361-64c19c90-a43a-6&#8243; include=&#8220;601&#8243;][vc_empty_space height=&#8220;12px&#8220;][vc_column_text]<\/p>\n<h4>Kurs auf Les Arcs 1800 f\u00fcr Wellness und Entspannung<\/h4>\n<p>W\u00e4re es nicht sch\u00f6n, einfach mal Zeit f\u00fcr sich und Ihre Erholung zu haben? Entdecken Sie die Wohltaten des Wassers im Badeparadies von Les Arcs Mille8. Eine richtige Wellnesskur![\/vc_column_text][\/vc_column_inner][vc_column_inner width=&#8220;1\/3&#8243;][vc_masonry_media_grid element_width=&#8220;12&#8243; gap=&#8220;0&#8243; item=&#8220;42&#8243; grid_id=&#8220;vc_gid:1672932431365-fca6f323-a21a-8&#8243; include=&#8220;604&#8243;][vc_empty_space height=&#8220;12px&#8220;][vc_column_text]<\/p>\n<h4>Es gibt ein Leben nach dem Skifahren!<\/h4>\n<p>Im Winter ist der Tag noch nicht zu Ende, wenn die Ski einmal abgeschnallt sind! Shopping, Bars, Restaurants und Clubs \u00fcbernehmen das Ruder, wenn die Pisten geschlossen sind. Trinken Sie ein Glas, genie\u00dfen Sie ein Fondue und am\u00fcsieren Sie sich am Abend![\/vc_column_text][\/vc_column_inner][\/vc_row_inner]<\/div>[\/vc_column][\/vc_row][vc_row css=&#8220;.vc_custom_1531747067488{background-color: #e8e8e8 !important;}&#8220;][vc_column]<div class=\"wrappedcontent\">[vc_masonry_media_grid element_width=&#8220;12&#8243; gap=&#8220;0&#8243; item=&#8220;65&#8243; grid_id=&#8220;vc_gid:1672932431370-c16c2cb6-b434-10&#8243; include=&#8220;640&#8243;][vc_empty_space]<div class=\"text-center btnwrap\"><a class=\"btn btn-huttopia-cta\" href=\"http:\/\/checkout.huttopia.com\/redirect\/de\/905\" role=\"button\" target=\"\" onclick=\"dataLayer.push({'event':'clickCity', 'clickText':'Buchen Sie Ihren Aufenthalt'})\">Buchen Sie Ihren Aufenthalt<\/a><\/div><\/div>[\/vc_column][\/vc_row][vc_row][vc_column]<div class=\"wrappedcontent\">[vc_row_inner gap=&#8220;25&#8243; css=&#8220;.vc_custom_1530888765334{margin-left: -0.5px !important;}&#8220;][vc_column_inner width=&#8220;1\/2&#8243;][vc_masonry_media_grid element_width=&#8220;12&#8243; gap=&#8220;0&#8243; item=&#8220;65&#8243; grid_id=&#8220;vc_gid:1672932431372-7c30252c-af15-0&#8243; include=&#8220;607&#8243;][\/vc_column_inner][vc_column_inner width=&#8220;1\/2&#8243;][vc_column_text]<\/p>\n<h4>Aromen der Savoyen<\/h4>\n<p>Abondance, Beaufort, Raclette, Tomme, Reblochon \u2026 wecken Sie Ihre Sinne mit zahlreichen K\u00e4sesorten. Die K\u00fcche der Savoyen ist eine Institution! Probieren Sie sich w\u00e4hrend Ihres Urlaubs in den Bergen durch zahlreiche K\u00f6stlichkeiten: Croziflette, Diots (W\u00fcrste aus den Savoyen) in Wei\u00dfweinsauce, Fondue \u00e0 la Savoyarde, Tartiflette, Kuchen aus den Savoyen. Genie\u00dfen Sie diese Spezialit\u00e4ten bei einem guten Glas Wei\u00dfwein aus Apremont.[\/vc_column_text][\/vc_column_inner][\/vc_row_inner][vc_empty_space][vc_row_inner gap=&#8220;25&#8243; css=&#8220;.vc_custom_1530888772891{margin-left: -0.5px !important;}&#8220;][vc_column_inner width=&#8220;1\/2&#8243;][vc_masonry_media_grid element_width=&#8220;12&#8243; gap=&#8220;0&#8243; item=&#8220;65&#8243; grid_id=&#8220;vc_gid:1672932431374-95c14054-17c9-4&#8243; include=&#8220;610&#8243;][\/vc_column_inner][vc_column_inner width=&#8220;1\/2&#8243;][vc_column_text]<\/p>\n<h4>Geniale Ausfl\u00fcge<\/h4>\n<p>Die Seilbahn von Aiguille Rouge, f\u00fcr einen sensationellen 360\u00b0-Panoramablick auf \u00fcber 3226 Metern H\u00f6he.<br \/>\nDas Igludorf von Les Arcs, das gr\u00f6\u00dfte in den franz\u00f6sischen Alpen : ein echtes Hotel aus Eis, das Sie auf Skiern oder Schneeschuhen von Arcs 1950 aus erreichen.<br \/>\nDas Mus\u00e9e des Min\u00e9raux von Bourg Saint-Maurice<br \/>\nLe Monal, ein kleines D\u00f6rfchen, typisch f\u00fcr die Tarentaise und besonders sehenswert aufgrund seiner Steinbauten und Schieferd\u00e4cher, mit ganz besonderem Charme.[\/vc_column_text][\/vc_column_inner][\/vc_row_inner][vc_empty_space height=&#8220;50px&#8220;][vc_row_inner equal_height=&#8220;yes&#8220; gap=&#8220;20&#8243; css=&#8220;.vc_custom_1531753283372{margin-left: -0.5px !important;}&#8220;][vc_column_inner width=&#8220;1\/4&#8243; css=&#8220;.vc_custom_1531753290717{background-color: #e8e8e8 !important;}&#8220;][vc_icon icon_fontawesome=&#8220;fa fa-camera&#8220; color=&#8220;custom&#8220; size=&#8220;lg&#8220; align=&#8220;center&#8220; custom_color=&#8220;#23afc2&#8243; link=&#8220;url:https%3A%2F%2Fwww.chalets-bourgsaintmaurice.com%2Fde%2Ffotogalerie%2F||target:%20_blank|&#8220; css=&#8220;.vc_custom_1532607954691{margin-bottom: -10px !important;padding-top: 15px !important;}&#8220;][vc_column_text css=&#8220;.vc_custom_1532607946241{padding-top: 25px !important;padding-right: 15px !important;padding-bottom: 15px !important;padding-left: 15px !important;}&#8220;]<\/p>\n<p style=\"text-align: center;\"><a href=\"https:\/\/www.chalets-bourgsaintmaurice.com\/de\/fotogalerie\/\" target=\"_blank\" rel=\"noopener noreferrer\"><strong>Fotogalerie<\/strong><\/a><\/p>\n<p>[\/vc_column_text][\/vc_column_inner][vc_column_inner width=&#8220;1\/4&#8243; css=&#8220;.vc_custom_1531753294732{background-color: #e8e8e8 !important;}&#8220;][vc_icon icon_fontawesome=&#8220;&#8220; color=&#8220;custom&#8220; size=&#8220;lg&#8220; align=&#8220;center&#8220; custom_color=&#8220;#23afc2&#8243; link=&#8220;url:https%3A%2F%2Fmedia.huttopia.com%2Fdestinations%2Fbourg-saint-maurice%2Fhuttopia-bourg-saint-maurice-plan.pdf|target:_blank&#8220; css=&#8220;.vc_custom_1672932497903{margin-bottom: -10px !important;padding-top: 15px !important;}&#8220;][vc_column_text css=&#8220;.vc_custom_1672932491466{padding-top: 25px !important;padding-right: 15px !important;padding-bottom: 15px !important;padding-left: 15px !important;}&#8220;]<\/p>\n<p style=\"text-align: center;\"><a href=\"https:\/\/media.huttopia.com\/destinations\/bourg-saint-maurice\/huttopia-bourg-saint-maurice-plan.pdf\" target=\"_blank\" rel=\"noopener noreferrer\"><strong>Platzplan<\/strong><\/a><\/p>\n<p>[\/vc_column_text][\/vc_column_inner][vc_column_inner width=&#8220;1\/4&#8243; css=&#8220;.vc_custom_1531753299407{background-color: #e8e8e8 !important;}&#8220;][vc_icon icon_fontawesome=&#8220;fa fa-calendar-check-o&#8220; color=&#8220;custom&#8220; size=&#8220;lg&#8220; align=&#8220;center&#8220; custom_color=&#8220;#23afc2&#8243; link=&#8220;url:http%3A%2F%2Fcheckout.huttopia.com%2Fredirect%2Fde%2F905||target:%20_blank|&#8220; css=&#8220;.vc_custom_1531924780223{margin-bottom: -10px !important;padding-top: 15px !important;}&#8220;][vc_column_text css=&#8220;.vc_custom_1531924770088{padding-top: 25px !important;padding-right: 15px !important;padding-bottom: 15px !important;padding-left: 15px !important;}&#8220;]<\/p>\n<p style=\"text-align: center;\"><a href=\"http:\/\/checkout.huttopia.com\/redirect\/de\/905\" target=\"_blank\" rel=\"noopener noreferrer\"><strong>Buchen Sie Ihren Aufenthalt<\/strong><\/a><\/p>\n<p>[\/vc_column_text][\/vc_column_inner][vc_column_inner width=&#8220;1\/4&#8243; css=&#8220;.vc_custom_1531753303819{background-color: #e8e8e8 !important;}&#8220;][vc_icon icon_fontawesome=&#8220;fa fa-map-marker&#8220; color=&#8220;custom&#8220; size=&#8220;lg&#8220; align=&#8220;center&#8220; custom_color=&#8220;#23afc2&#8243; link=&#8220;url:https%3A%2F%2Fgoo.gl%2Fmaps%2F91aPmw4P4Ms||target:%20_blank|&#8220; css=&#8220;.vc_custom_1531753519174{margin-bottom: -10px !important;padding-top: 15px !important;}&#8220;][vc_column_text css=&#8220;.vc_custom_1531929374950{padding-top: 25px !important;padding-right: 15px !important;padding-bottom: 15px !important;padding-left: 15px !important;}&#8220;]<\/p>\n<p style=\"text-align: center;\"><a href=\"https:\/\/goo.gl\/maps\/91aPmw4P4Ms\" target=\"_blank\" rel=\"noopener noreferrer\"><strong>Reiseroute<\/strong><\/a><\/p>\n<p>[\/vc_column_text][\/vc_column_inner][\/vc_row_inner]<\/div>[\/vc_column][\/vc_row][vc_row css=&#8220;.vc_custom_1531753776100{background-color: #e8e8e8 !important;}&#8220;][vc_column]<div class=\"wrappedcontent\">[vc_column_text]<\/p>\n<h4>Fotos von der Savoie in den Alpen | Huttopia Bourg-St-Maurice &#8211; Les Arcs<\/h4>\n<p>[\/vc_column_text][vc_empty_space height=&#8220;18px&#8220;][vc_masonry_media_grid style=&#8220;load-more&#8220; items_per_page=&#8220;4&#8243; element_width=&#8220;3&#8243; gap=&#8220;10&#8243; item=&#8220;44&#8243; btn_title=&#8220;MEHR&#8220; btn_style=&#8220;custom&#8220; btn_custom_background=&#8220;#23afc2&#8243; btn_custom_text=&#8220;#ffffff&#8220; btn_shape=&#8220;square&#8220; btn_i_icon_fontawesome=&#8220;fa fa-camera&#8220; btn_add_icon=&#8220;true&#8220; grid_id=&#8220;vc_gid:1672932431379-bbcb8e4e-d350-7&#8243; include=&#8220;784,787,790,793,796,799,802,805,808,811,814,781,778,772,775,769,763,766,760,757&#8243;]<\/div>[vc_gmaps link=&#8220;#E-8_JTNDaWZyYW1lJTIwc3JjJTNEJTIyaHR0cHMlM0ElMkYlMkZ3d3cuZ29vZ2xlLmNvbSUyRm1hcHMlMkZlbWJlZCUzRnBiJTNEJTIxMW0xNCUyMTFtOCUyMTFtMyUyMTFkMTExNjEuNjYzMTUxMDc2ODIlMjEyZDYuNzg0NjU1JTIxM2Q0NS42MjIzODMlMjEzbTIlMjExaTEwMjQlMjEyaTc2OCUyMTRmMTMuMSUyMTNtMyUyMTFtMiUyMTFzMHgwJTI1M0EweGI3N2FlOWM5M2FkNzAwNWUlMjEyc0NhbXBpbmclMkJIdXR0b3BpYSUyQkJvdXJnJTJCU2FpbnQlMkJNYXVyaWNlJTIxNWUwJTIxM20yJTIxMXNmciUyMTJzZnIlMjE0djE1MzE3NTAwMDk3MjglMjIlMjB3aWR0aCUzRCUyMjYwMCUyMiUyMGhlaWdodCUzRCUyMjQ1MCUyMiUyMGZyYW1lYm9yZGVyJTNEJTIyMCUyMiUyMHN0eWxlJTNEJTIyYm9yZGVyJTNBMCUyMiUyMGFsbG93ZnVsbHNjcmVlbiUzRSUzQyUyRmlmcmFtZSUzRQ==&#8220;][\/vc_column][\/vc_row]<\/p>\n<\/div>","protected":false},"excerpt":{"rendered":"<p>[vc_row][vc_column][vc_single_image image=&#8220;595&#8243; img_size=&#8220;1900&#215;500&#8243;][\/vc_column][\/vc_row][vc_row][vc_column][\/vc_column][\/vc_row][vc_row css=&#8220;.vc_custom_1531747067488{background-color: #e8e8e8 !important;}&#8220;][vc_column][\/vc_column][\/vc_row][vc_row][vc_column][\/vc_column][\/vc_row][vc_row css=&#8220;.vc_custom_1531753776100{background-color: #e8e8e8 !important;}&#8220;][vc_column][vc_gmaps link=&#8220;#E-8_JTNDaWZyYW1lJTIwc3JjJTNEJTIyaHR0cHMlM0ElMkYlMkZ3d3cuZ29vZ2xlLmNvbSUyRm1hcHMlMkZlbWJlZCUzRnBiJTNEJTIxMW0xNCUyMTFtOCUyMTFtMyUyMTFkMTExNjEuNjYzMTUxMDc2ODIlMjEyZDYuNzg0NjU1JTIxM2Q0NS42MjIzODMlMjEzbTIlMjExaTEwMjQlMjEyaTc2OCUyMTRmMTMuMSUyMTNtMyUyMTFtMiUyMTFzMHgwJTI1M0EweGI3N2FlOWM5M2FkNzAwNWUlMjEyc0NhbXBpbmclMkJIdXR0b3BpYSUyQkJvdXJnJTJCU2FpbnQlMkJNYXVyaWNlJTIxNWUwJTIxM20yJTIxMXNmciUyMTJzZnIlMjE0djE1MzE3NTAwMDk3MjglMjIlMjB3aWR0aCUzRCUyMjYwMCUyMiUyMGhlaWdodCUzRCUyMjQ1MCUyMiUyMGZyYW1lYm9yZGVyJTNEJTIyMCUyMiUyMHN0eWxlJTNEJTIyYm9yZGVyJTNBMCUyMiUyMGFsbG93ZnVsbHNjcmVlbiUzRSUzQyUyRmlmcmFtZSUzRQ==&#8220;][\/vc_column][\/vc_row]<\/p>\n","protected":false},"author":1,"featured_media":0,"parent":0,"menu_order":0,"comment_status":"closed","ping_status":"closed","template":"","meta":{"footnotes":""},"class_list":["post-335","page","type-page","status-publish","hentry"],"yoast_head":"<!-- This site is optimized with the Yoast SEO plugin v25.6 - https:\/\/yoast.com\/wordpress\/plugins\/seo\/ -->\n<title>Entdecken Sie die Region Bourg-St-Maurice in den Alpen | Huttopia Bourg-St-Maurice<\/title>\n<meta name=\"description\" content=\"Genie\u00dfen Sie Aktivit\u00e4ten in den Bergen in den Alpen, Abwechslung garantiert! Spa, Fondue, Ausblicke auf typische D\u00f6rfer ... Cap auf Les Arcs f\u00fcr sch\u00f6ne Savoyard Aufenthalte.\" \/>\n<meta name=\"robots\" content=\"index, follow, max-snippet:-1, max-image-preview:large, max-video-preview:-1\" \/>\n<link rel=\"canonical\" href=\"https:\/\/www.chalets-bourgsaintmaurice.com\/de\/region\/\" \/>\n<meta property=\"og:locale\" content=\"de_DE\" \/>\n<meta property=\"og:type\" content=\"article\" \/>\n<meta property=\"og:title\" content=\"Entdecken Sie die Region Bourg-St-Maurice in den Alpen | Huttopia Bourg-St-Maurice\" \/>\n<meta property=\"og:description\" content=\"Genie\u00dfen Sie Aktivit\u00e4ten in den Bergen in den Alpen, Abwechslung garantiert! Spa, Fondue, Ausblicke auf typische D\u00f6rfer ... Cap auf Les Arcs f\u00fcr sch\u00f6ne Savoyard Aufenthalte.\" \/>\n<meta property=\"og:url\" content=\"https:\/\/www.chalets-bourgsaintmaurice.com\/de\/region\/\" \/>\n<meta property=\"og:site_name\" content=\"Les Chalets de Bourg-St-Maurice\" \/>\n<meta property=\"article:modified_time\" content=\"2023-01-05T15:28:20+00:00\" \/>\n<meta name=\"twitter:card\" content=\"summary_large_image\" \/>\n<meta name=\"twitter:label1\" content=\"Est. reading time\" \/>\n\t<meta name=\"twitter:data1\" content=\"3 Minuten\" \/>\n<script type=\"application\/ld+json\" class=\"yoast-schema-graph\">{\"@context\":\"https:\/\/schema.org\",\"@graph\":[{\"@type\":\"WebPage\",\"@id\":\"https:\/\/www.chalets-bourgsaintmaurice.com\/de\/region\/\",\"url\":\"https:\/\/www.chalets-bourgsaintmaurice.com\/de\/region\/\",\"name\":\"Entdecken Sie die Region Bourg-St-Maurice in den Alpen | Huttopia Bourg-St-Maurice\",\"isPartOf\":{\"@id\":\"https:\/\/www.chalets-bourgsaintmaurice.com\/de\/#website\"},\"datePublished\":\"2018-07-04T14:07:56+00:00\",\"dateModified\":\"2023-01-05T15:28:20+00:00\",\"description\":\"Genie\u00dfen Sie Aktivit\u00e4ten in den Bergen in den Alpen, Abwechslung garantiert! Spa, Fondue, Ausblicke auf typische D\u00f6rfer ... Cap auf Les Arcs f\u00fcr sch\u00f6ne Savoyard Aufenthalte.\",\"breadcrumb\":{\"@id\":\"https:\/\/www.chalets-bourgsaintmaurice.com\/de\/region\/#breadcrumb\"},\"inLanguage\":\"de-DE\",\"potentialAction\":[{\"@type\":\"ReadAction\",\"target\":[\"https:\/\/www.chalets-bourgsaintmaurice.com\/de\/region\/\"]}]},{\"@type\":\"BreadcrumbList\",\"@id\":\"https:\/\/www.chalets-bourgsaintmaurice.com\/de\/region\/#breadcrumb\",\"itemListElement\":[{\"@type\":\"ListItem\",\"position\":1,\"name\":\"Home\",\"item\":\"https:\/\/www.chalets-bourgsaintmaurice.com\/de\/\"},{\"@type\":\"ListItem\",\"position\":2,\"name\":\"Region\"}]},{\"@type\":\"WebSite\",\"@id\":\"https:\/\/www.chalets-bourgsaintmaurice.com\/de\/#website\",\"url\":\"https:\/\/www.chalets-bourgsaintmaurice.com\/de\/\",\"name\":\"Les Chalets de Bourg-St-Maurice\",\"description\":\"Just another Citykamp site\",\"potentialAction\":[{\"@type\":\"SearchAction\",\"target\":{\"@type\":\"EntryPoint\",\"urlTemplate\":\"https:\/\/www.chalets-bourgsaintmaurice.com\/de\/?s={search_term_string}\"},\"query-input\":{\"@type\":\"PropertyValueSpecification\",\"valueRequired\":true,\"valueName\":\"search_term_string\"}}],\"inLanguage\":\"de-DE\"}]}<\/script>\n<!-- \/ Yoast SEO plugin. -->","yoast_head_json":{"title":"Entdecken Sie die Region Bourg-St-Maurice in den Alpen | Huttopia Bourg-St-Maurice","description":"Genie\u00dfen Sie Aktivit\u00e4ten in den Bergen in den Alpen, Abwechslung garantiert! Spa, Fondue, Ausblicke auf typische D\u00f6rfer ... Cap auf Les Arcs f\u00fcr sch\u00f6ne Savoyard Aufenthalte.","robots":{"index":"index","follow":"follow","max-snippet":"max-snippet:-1","max-image-preview":"max-image-preview:large","max-video-preview":"max-video-preview:-1"},"canonical":"https:\/\/www.chalets-bourgsaintmaurice.com\/de\/region\/","og_locale":"de_DE","og_type":"article","og_title":"Entdecken Sie die Region Bourg-St-Maurice in den Alpen | Huttopia Bourg-St-Maurice","og_description":"Genie\u00dfen Sie Aktivit\u00e4ten in den Bergen in den Alpen, Abwechslung garantiert! Spa, Fondue, Ausblicke auf typische D\u00f6rfer ... Cap auf Les Arcs f\u00fcr sch\u00f6ne Savoyard Aufenthalte.","og_url":"https:\/\/www.chalets-bourgsaintmaurice.com\/de\/region\/","og_site_name":"Les Chalets de Bourg-St-Maurice","article_modified_time":"2023-01-05T15:28:20+00:00","twitter_card":"summary_large_image","twitter_misc":{"Est. reading time":"3 Minuten"},"schema":{"@context":"https:\/\/schema.org","@graph":[{"@type":"WebPage","@id":"https:\/\/www.chalets-bourgsaintmaurice.com\/de\/region\/","url":"https:\/\/www.chalets-bourgsaintmaurice.com\/de\/region\/","name":"Entdecken Sie die Region Bourg-St-Maurice in den Alpen | Huttopia Bourg-St-Maurice","isPartOf":{"@id":"https:\/\/www.chalets-bourgsaintmaurice.com\/de\/#website"},"datePublished":"2018-07-04T14:07:56+00:00","dateModified":"2023-01-05T15:28:20+00:00","description":"Genie\u00dfen Sie Aktivit\u00e4ten in den Bergen in den Alpen, Abwechslung garantiert! Spa, Fondue, Ausblicke auf typische D\u00f6rfer ... Cap auf Les Arcs f\u00fcr sch\u00f6ne Savoyard Aufenthalte.","breadcrumb":{"@id":"https:\/\/www.chalets-bourgsaintmaurice.com\/de\/region\/#breadcrumb"},"inLanguage":"de-DE","potentialAction":[{"@type":"ReadAction","target":["https:\/\/www.chalets-bourgsaintmaurice.com\/de\/region\/"]}]},{"@type":"BreadcrumbList","@id":"https:\/\/www.chalets-bourgsaintmaurice.com\/de\/region\/#breadcrumb","itemListElement":[{"@type":"ListItem","position":1,"name":"Home","item":"https:\/\/www.chalets-bourgsaintmaurice.com\/de\/"},{"@type":"ListItem","position":2,"name":"Region"}]},{"@type":"WebSite","@id":"https:\/\/www.chalets-bourgsaintmaurice.com\/de\/#website","url":"https:\/\/www.chalets-bourgsaintmaurice.com\/de\/","name":"Les Chalets de Bourg-St-Maurice","description":"Just another Citykamp site","potentialAction":[{"@type":"SearchAction","target":{"@type":"EntryPoint","urlTemplate":"https:\/\/www.chalets-bourgsaintmaurice.com\/de\/?s={search_term_string}"},"query-input":{"@type":"PropertyValueSpecification","valueRequired":true,"valueName":"search_term_string"}}],"inLanguage":"de-DE"}]}},"_links":{"self":[{"href":"https:\/\/www.chalets-bourgsaintmaurice.com\/de\/wp-json\/wp\/v2\/pages\/335","targetHints":{"allow":["GET"]}}],"collection":[{"href":"https:\/\/www.chalets-bourgsaintmaurice.com\/de\/wp-json\/wp\/v2\/pages"}],"about":[{"href":"https:\/\/www.chalets-bourgsaintmaurice.com\/de\/wp-json\/wp\/v2\/types\/page"}],"author":[{"embeddable":true,"href":"https:\/\/www.chalets-bourgsaintmaurice.com\/de\/wp-json\/wp\/v2\/users\/1"}],"replies":[{"embeddable":true,"href":"https:\/\/www.chalets-bourgsaintmaurice.com\/de\/wp-json\/wp\/v2\/comments?post=335"}],"version-history":[{"count":3,"href":"https:\/\/www.chalets-bourgsaintmaurice.com\/de\/wp-json\/wp\/v2\/pages\/335\/revisions"}],"predecessor-version":[{"id":1614,"href":"https:\/\/www.chalets-bourgsaintmaurice.com\/de\/wp-json\/wp\/v2\/pages\/335\/revisions\/1614"}],"wp:attachment":[{"href":"https:\/\/www.chalets-bourgsaintmaurice.com\/de\/wp-json\/wp\/v2\/media?parent=335"}],"curies":[{"name":"wp","href":"https:\/\/api.w.org\/{rel}","templated":true}]}}