{"id":300,"date":"2018-07-04T14:10:25","date_gmt":"2018-07-04T14:10:25","guid":{"rendered":"http:\/\/www.citykamp.com\/leschaletsdebourgsaintmaurice\/chalets-de-bourg-st-maurice\/"},"modified":"2024-09-18T14:33:32","modified_gmt":"2024-09-18T14:33:32","slug":"chalets-von-bourg-st-maurice","status":"publish","type":"page","link":"https:\/\/www.chalets-bourgsaintmaurice.com\/de\/chalets-von-bourg-st-maurice\/","title":{"rendered":"CHALETS VON BOURG-ST-MAURICE"},"content":{"rendered":"<div class=\"wpb-content-wrapper\"><p>[vc_row][vc_column][vc_single_image image=&#8220;520&#8243; img_size=&#8220;1900&#215;500&#8243;][\/vc_column][\/vc_row][vc_row][vc_column]<div class=\"wrappedcontent\">[vc_column_text]<\/p>\n<h3>Chalet-Vermietung in Bourg-Saint-Maurice &#8211; Les Arcs<\/h3>\n<p>[\/vc_column_text][vc_empty_space][vc_column_text css=&#8220;&#8220;]<strong>Das Chalet Montana\u00a0 \u2013\u00a0 35m\u00b2\u00a0 \u2013\u00a0 Bis zu 5 Personen<\/strong>[\/vc_column_text][vc_empty_space][vc_masonry_media_grid element_width=&#8220;6&#8243; gap=&#8220;10&#8243; item=&#8220;65&#8243; grid_id=&#8220;vc_gid:1726669842324-87424a49-d703-10&#8243; include=&#8220;532,547&#8243;][vc_empty_space][vc_column_text]Ein freistehendes Chalet aus Holz mit gut durchdachten R\u00e4umlichkeiten, komfortabel und behaglich, f\u00fcr Ihren Urlaub in den Bergen. Einige unserer Chalets Montana sind barrierefrei.<\/p>\n<p>Das Chalet Montana gibt es auch in barrierefreier Ausf\u00fchrung.<br \/>\nGanz aus Holz und mit dem gleichen Komfort wie zu Hause. (35m2 \u2013 5 pers.)[\/vc_column_text][vc_empty_space]<div class=\"text-center btnwrap\"><a class=\"btn btn-huttopia-cta\" href=\"http:\/\/checkout.huttopia.com\/redirect\/de\/905\" role=\"button\" target=\"\" onclick=\"dataLayer.push({'event':'clickCity', 'clickText':'Buchen Sie Ihren Aufenthalt'})\">Buchen Sie Ihren Aufenthalt<\/a><\/div><\/div>[\/vc_column][\/vc_row][vc_row css=&#8220;.vc_custom_1530880823282{background-color: #e8e8e8 !important;}&#8220;][vc_column]<div class=\"wrappedcontent\">[vc_column_text]<\/p>\n<h4 style=\"text-align: center;\"><span style=\"color: #333333;\">\u2014\u00a0Private Chalets ganz aus Holz in funktionellem Design.\u00a0\u2014<\/span><\/h4>\n<p>[\/vc_column_text][vc_empty_space height=&#8220;45px&#8220;][vc_column_text]<\/p>\n<h4>Das Wohnzimmer<\/h4>\n<p>[\/vc_column_text][vc_empty_space][vc_masonry_media_grid element_width=&#8220;6&#8243; gap=&#8220;10&#8243; item=&#8220;42&#8243; grid_id=&#8220;vc_gid:1726669842327-74ac6bba-6335-0&#8243; include=&#8220;541,538&#8243;][vc_empty_space][vc_column_text]Die Chalets von Bourg-Saint-Maurice verf\u00fcgen \u00fcber einen Aufenthaltsbereich mit Essecke, eine ausgestattete Kochnische (Sp\u00fclbecken, Gasofen, Mikrowelle, K\u00fchlschrank, elektrische Kaffeemaschine, Geschirr &#8230;) und eine gem\u00fctliche, gepolsterte Eckbank, um den Holzofen genie\u00dfen zu k\u00f6nnen. Der ideale Ort, um sich nach Ihrer R\u00fcckkehr von den Skipisten aufzuw\u00e4rmen![\/vc_column_text][vc_empty_space height=&#8220;25px&#8220;][vc_btn title=&#8220;SEHEN SIE DEN PLAN&#8220; style=&#8220;custom&#8220; custom_background=&#8220;#23afc2&#8243; custom_text=&#8220;#ffffff&#8220; shape=&#8220;square&#8220; size=&#8220;xs&#8220; align=&#8220;center&#8220; link=&#8220;url:https%3A%2F%2Fmedia.huttopia.com%2Fhebergements%2F53-chalet-indigo%2F53-chalet-indigo-plan.jpg||target:%20_blank|&#8220;]<\/div>[\/vc_column][\/vc_row][vc_row][vc_column]<div class=\"wrappedcontent\">[vc_column_text]<\/p>\n<h4>Die Zimmer<\/h4>\n<p>[\/vc_column_text][vc_empty_space][vc_column_text css=&#8220;.vc_custom_1531929110345{padding-top: 15px !important;padding-right: 15px !important;padding-bottom: 15px !important;padding-left: 15px !important;background-color: #e8e8e8 !important;}&#8220;]<strong>Das Huttopia-Plus: Im Winter ist die Bettw\u00e4sche inklusive!<\/strong>[\/vc_column_text][vc_empty_space][vc_masonry_media_grid gap=&#8220;10&#8243; item=&#8220;42&#8243; grid_id=&#8220;vc_gid:1726669842329-3c045c94-ce6c-5&#8243; include=&#8220;523,526,529&#8243;][vc_empty_space][vc_column_text css=&#8220;&#8220;]Das Chalet Montana bietet Ihnen Privatsph\u00e4re und Komfort, es verf\u00fcgt \u00fcber 2 separate Zimmer und bietet Platz f\u00fcr insgesamt 5 Personen: 1 Zimmer mit 1 Doppelbett (140&#215;200 cm) + 1 Zimmer mit 3 Betten: 1 Etagenbett (80&#215;190 cm oben, 140&#215;190 cm unten).[\/vc_column_text]<\/div>[\/vc_column][\/vc_row][vc_row css=&#8220;.vc_custom_1530881055251{background-color: #e8e8e8 !important;}&#8220;][vc_column]<div class=\"wrappedcontent\">[vc_row_inner gap=&#8220;25&#8243;][vc_column_inner width=&#8220;1\/2&#8243;][vc_column_text]<\/p>\n<h4>Das Badezimmer<\/h4>\n<p>[\/vc_column_text][vc_empty_space][vc_masonry_media_grid element_width=&#8220;12&#8243; gap=&#8220;0&#8243; item=&#8220;42&#8243; grid_id=&#8220;vc_gid:1726669842332-9d6ffc5e-7468-6&#8243; include=&#8220;1550&#8243;][vc_empty_space][vc_column_text]Duschkabine, Waschbecken, Ablagefl\u00e4chen und Toiletten.[\/vc_column_text][\/vc_column_inner][vc_column_inner width=&#8220;1\/2&#8243;][vc_column_text]<\/p>\n<h4>10m\u00b2 gro\u00dfe Privatterrasse<\/h4>\n<p>[\/vc_column_text][vc_empty_space][vc_masonry_media_grid element_width=&#8220;12&#8243; gap=&#8220;0&#8243; item=&#8220;42&#8243; grid_id=&#8220;vc_gid:1726669842334-3b48ca67-9c89-3&#8243; include=&#8220;1554&#8243;][vc_empty_space][vc_column_text]Damit Sie die milde Wintersonne wunderbar auskosten k\u00f6nnen, verf\u00fcgen unsere Chalets von Bourg Saint-Maurice \u00fcber eine sch\u00f6ne, 10 m\u00b2 gro\u00dfe Au\u00dfenterrasse mit Picknicktisch und Skist\u00e4nder f\u00fcr Ihre Ausr\u00fcstung.[\/vc_column_text][\/vc_column_inner][\/vc_row_inner]<\/div>[\/vc_column][\/vc_row][vc_row][vc_column]<div class=\"wrappedcontent\">[vc_column_text]<\/p>\n<h4>Gef\u00e4llt mir&#8230;<\/h4>\n<p>[\/vc_column_text][vc_empty_space][vc_row_inner gap=&#8220;25&#8243; css=&#8220;.vc_custom_1530880073492{margin-left: -0.5px !important;}&#8220;][vc_column_inner width=&#8220;1\/4&#8243;][vc_icon icon_fontawesome=&#8220;fa fa-fire&#8220; color=&#8220;mulled_wine&#8220; align=&#8220;center&#8220; css=&#8220;.vc_custom_1530880942134{margin-bottom: -10px !important;padding-top: 15px !important;}&#8220;][vc_column_text css=&#8220;.vc_custom_1531929286545{padding-top: 25px !important;padding-right: 15px !important;padding-bottom: 15px !important;padding-left: 15px !important;}&#8220;]<\/p>\n<p style=\"text-align: center;\">Nach einem tollen Skitag mit der ganzen Familie um den Holzofen sitzen<\/p>\n<p>[\/vc_column_text][\/vc_column_inner][vc_column_inner width=&#8220;1\/4&#8243;][vc_icon icon_fontawesome=&#8220;fa fa-coffee&#8220; color=&#8220;mulled_wine&#8220; align=&#8220;center&#8220; css=&#8220;.vc_custom_1530880950728{margin-bottom: -10px !important;padding-top: 15px !important;}&#8220;][vc_column_text css=&#8220;.vc_custom_1531929294850{padding-top: 25px !important;padding-right: 15px !important;padding-bottom: 15px !important;padding-left: 15px !important;}&#8220;]<\/p>\n<p style=\"text-align: center;\">Eine hei\u00dfe Schokolade auf der Terrasse des Chalets schl\u00fcrfen, vor einem fantastischen Bergpanorama<\/p>\n<p>[\/vc_column_text][\/vc_column_inner][vc_column_inner width=&#8220;1\/4&#8243;][vc_icon icon_fontawesome=&#8220;fa fa-bed&#8220; color=&#8220;mulled_wine&#8220; align=&#8220;center&#8220; css=&#8220;.vc_custom_1530880958635{margin-bottom: -10px !important;padding-top: 15px !important;}&#8220;][vc_column_text css=&#8220;.vc_custom_1531929301901{padding-top: 25px !important;padding-right: 15px !important;padding-bottom: 15px !important;padding-left: 15px !important;}&#8220;]<\/p>\n<p style=\"text-align: center;\">Mit leichtem Gep\u00e4ck anreisen, da Bettw\u00e4sche und Handt\u00fccher im Winter inklusive sind<\/p>\n<p>[\/vc_column_text][\/vc_column_inner][vc_column_inner width=&#8220;1\/4&#8243;][vc_icon icon_fontawesome=&#8220;fa fa-check-circle&#8220; color=&#8220;mulled_wine&#8220; align=&#8220;center&#8220; css=&#8220;.vc_custom_1530880963792{margin-bottom: -10px !important;padding-top: 15px !important;}&#8220;][vc_column_text css=&#8220;.vc_custom_1531929308988{padding-top: 25px !important;padding-right: 15px !important;padding-bottom: 15px !important;padding-left: 15px !important;}&#8220;]<\/p>\n<p style=\"text-align: center;\">Die Option &#8222;Endreinigung&#8220; dazubuchen und an gar nichts mehr denken m\u00fcssen!<\/p>\n<p>[\/vc_column_text][\/vc_column_inner][\/vc_row_inner]<\/div>[\/vc_column][\/vc_row][vc_row css=&#8220;.vc_custom_1530881681490{background-color: #e8e8e8 !important;}&#8220;][vc_column]<div class=\"wrappedcontent\">[vc_column_text]<\/p>\n<h4>Und Ausserdem&#8230;<\/h4>\n<ul>\n<li>Abreise sonntags bis 16 Uhr (statt 10 Uhr) m\u00f6glich (ausgenommen Schulferien)<\/li>\n<li>Unsere Babyausstattung (Bett + Hochstuhl) steht Ihnen nach vorheriger Reservierung gratis zur Verf\u00fcgung<\/li>\n<\/ul>\n<p>[\/vc_column_text]<\/div>[\/vc_column][\/vc_row][vc_row][vc_column]<div class=\"wrappedcontent\">[vc_row_inner equal_height=&#8220;yes&#8220; gap=&#8220;20&#8243; css=&#8220;.vc_custom_1531753283372{margin-left: -0.5px !important;}&#8220;][vc_column_inner width=&#8220;1\/4&#8243; css=&#8220;.vc_custom_1531753290717{background-color: #e8e8e8 !important;}&#8220;][vc_icon icon_fontawesome=&#8220;fa fa-camera&#8220; color=&#8220;custom&#8220; size=&#8220;lg&#8220; align=&#8220;center&#8220; css=&#8220;.vc_custom_1532607954691{margin-bottom: -10px !important;padding-top: 15px !important;}&#8220; custom_color=&#8220;#23afc2&#8243; link=&#8220;url:https%3A%2F%2Fwww.chalets-bourgsaintmaurice.com%2Fde%2Ffotogalerie%2F||target:%20_blank|&#8220;][vc_column_text css=&#8220;.vc_custom_1532607946241{padding-top: 25px !important;padding-right: 15px !important;padding-bottom: 15px !important;padding-left: 15px !important;}&#8220;]<\/p>\n<p style=\"text-align: center;\"><a href=\"https:\/\/www.chalets-bourgsaintmaurice.com\/de\/fotogalerie\/\" target=\"_blank\" rel=\"noopener noreferrer\"><strong>Fotogalerie<\/strong><\/a><\/p>\n<p>[\/vc_column_text][\/vc_column_inner][vc_column_inner width=&#8220;1\/4&#8243; css=&#8220;.vc_custom_1531753294732{background-color: #e8e8e8 !important;}&#8220;][vc_icon icon_fontawesome=&#8220;&#8220; color=&#8220;custom&#8220; size=&#8220;lg&#8220; align=&#8220;center&#8220; css=&#8220;.vc_custom_1672932046826{margin-bottom: -10px !important;padding-top: 15px !important;}&#8220; custom_color=&#8220;#23afc2&#8243; link=&#8220;url:https%3A%2F%2Fmedia.huttopia.com%2Fdestinations%2Fbourg-saint-maurice%2Fhuttopia-bourg-saint-maurice-plan.pdf|target:_blank&#8220;][vc_column_text css=&#8220;.vc_custom_1672932041558{padding-top: 25px !important;padding-right: 15px !important;padding-bottom: 15px !important;padding-left: 15px !important;}&#8220;]<\/p>\n<p style=\"text-align: center;\"><a href=\"https:\/\/media.huttopia.com\/destinations\/bourg-saint-maurice\/huttopia-bourg-saint-maurice-plan.pdf\" target=\"_blank\" rel=\"noopener noreferrer\"><strong>Platzplan<\/strong><\/a><\/p>\n<p>[\/vc_column_text][\/vc_column_inner][vc_column_inner width=&#8220;1\/4&#8243; css=&#8220;.vc_custom_1531753299407{background-color: #e8e8e8 !important;}&#8220;][vc_icon icon_fontawesome=&#8220;fa fa-calendar-check-o&#8220; color=&#8220;custom&#8220; size=&#8220;lg&#8220; align=&#8220;center&#8220; css=&#8220;.vc_custom_1531924780223{margin-bottom: -10px !important;padding-top: 15px !important;}&#8220; custom_color=&#8220;#23afc2&#8243; link=&#8220;url:http%3A%2F%2Fcheckout.huttopia.com%2Fredirect%2Fde%2F905||target:%20_blank|&#8220;][vc_column_text css=&#8220;.vc_custom_1531924770088{padding-top: 25px !important;padding-right: 15px !important;padding-bottom: 15px !important;padding-left: 15px !important;}&#8220;]<\/p>\n<p style=\"text-align: center;\"><a href=\"http:\/\/checkout.huttopia.com\/redirect\/de\/905\" target=\"_blank\" rel=\"noopener noreferrer\"><strong>Buchen Sie Ihren Aufenthalt<\/strong><\/a><\/p>\n<p>[\/vc_column_text][\/vc_column_inner][vc_column_inner width=&#8220;1\/4&#8243; css=&#8220;.vc_custom_1531753303819{background-color: #e8e8e8 !important;}&#8220;][vc_icon icon_fontawesome=&#8220;fa fa-map-marker&#8220; color=&#8220;custom&#8220; size=&#8220;lg&#8220; align=&#8220;center&#8220; css=&#8220;.vc_custom_1531753519174{margin-bottom: -10px !important;padding-top: 15px !important;}&#8220; custom_color=&#8220;#23afc2&#8243; link=&#8220;url:https%3A%2F%2Fgoo.gl%2Fmaps%2F91aPmw4P4Ms||target:%20_blank|&#8220;][vc_column_text css=&#8220;.vc_custom_1531929374950{padding-top: 25px !important;padding-right: 15px !important;padding-bottom: 15px !important;padding-left: 15px !important;}&#8220;]<\/p>\n<p style=\"text-align: center;\"><a href=\"https:\/\/goo.gl\/maps\/91aPmw4P4Ms\" target=\"_blank\" rel=\"noopener noreferrer\"><strong>Reiseroute<\/strong><\/a><\/p>\n<p>[\/vc_column_text][\/vc_column_inner][\/vc_row_inner]<\/div>[\/vc_column][\/vc_row][vc_row css=&#8220;.vc_custom_1531753776100{background-color: #e8e8e8 !important;}&#8220;][vc_column]<div class=\"wrappedcontent\">[vc_column_text]<\/p>\n<h4>Fotos von Holzchalets in\u00a0Bourg-Saint-Maurice | Huttopia Bourg-St-Maurice\u00a0&#8211; Les Arcs<\/h4>\n<p>[\/vc_column_text][vc_empty_space height=&#8220;18px&#8220;][vc_masonry_media_grid style=&#8220;load-more&#8220; items_per_page=&#8220;4&#8243; element_width=&#8220;3&#8243; gap=&#8220;10&#8243; item=&#8220;44&#8243; btn_title=&#8220;MEHR&#8220; btn_style=&#8220;custom&#8220; btn_custom_background=&#8220;#23afc2&#8243; btn_custom_text=&#8220;#ffffff&#8220; btn_shape=&#8220;square&#8220; btn_i_icon_fontawesome=&#8220;fa fa-camera&#8220; btn_add_icon=&#8220;true&#8220; grid_id=&#8220;vc_gid:1726669842337-186aad17-67de-9&#8243; include=&#8220;679,682,685,688,691,694,697,700,676,703,706,709,712,715,718,721,724,727,730,733,736,739&#8243;]<\/div>[\/vc_column][\/vc_row]<\/p>\n<\/div>","protected":false},"excerpt":{"rendered":"<p>[vc_row][vc_column][vc_single_image image=&#8220;520&#8243; img_size=&#8220;1900&#215;500&#8243;][\/vc_column][\/vc_row][vc_row][vc_column][\/vc_column][\/vc_row][vc_row css=&#8220;.vc_custom_1530880823282{background-color: #e8e8e8 !important;}&#8220;][vc_column][\/vc_column][\/vc_row][vc_row][vc_column][\/vc_column][\/vc_row][vc_row css=&#8220;.vc_custom_1530881055251{background-color: #e8e8e8 !important;}&#8220;][vc_column][\/vc_column][\/vc_row][vc_row][vc_column][\/vc_column][\/vc_row][vc_row css=&#8220;.vc_custom_1530881681490{background-color: #e8e8e8 !important;}&#8220;][vc_column][\/vc_column][\/vc_row][vc_row][vc_column][\/vc_column][\/vc_row][vc_row css=&#8220;.vc_custom_1531753776100{background-color: #e8e8e8 !important;}&#8220;][vc_column][\/vc_column][\/vc_row]<\/p>\n","protected":false},"author":1,"featured_media":0,"parent":0,"menu_order":0,"comment_status":"closed","ping_status":"closed","template":"","meta":{"footnotes":""},"class_list":["post-300","page","type-page","status-publish","hentry"],"yoast_head":"<!-- This site is optimized with the Yoast SEO plugin v25.6 - https:\/\/yoast.com\/wordpress\/plugins\/seo\/ -->\n<title>Die Chalets von Bourg-Saint-Maurice | Huttopia Bourg-St-Maurice<\/title>\n<meta name=\"description\" content=\"Vermietung von voll ausgestatteten Holzchalets in den Alpen. Am Fu\u00dfe der Pisten, treffen Sie sich mit Ihrer Familie auf der Terrasse des Chalets mit Blick auf Les Arcs oder genie\u00dfen Sie die W\u00e4rme des Holzofens!\" \/>\n<meta name=\"robots\" content=\"index, follow, max-snippet:-1, max-image-preview:large, max-video-preview:-1\" \/>\n<link rel=\"canonical\" href=\"https:\/\/www.chalets-bourgsaintmaurice.com\/de\/chalets-von-bourg-st-maurice\/\" \/>\n<meta property=\"og:locale\" content=\"de_DE\" \/>\n<meta property=\"og:type\" content=\"article\" \/>\n<meta property=\"og:title\" content=\"Die Chalets von Bourg-Saint-Maurice | Huttopia Bourg-St-Maurice\" \/>\n<meta property=\"og:description\" content=\"Vermietung von voll ausgestatteten Holzchalets in den Alpen. Am Fu\u00dfe der Pisten, treffen Sie sich mit Ihrer Familie auf der Terrasse des Chalets mit Blick auf Les Arcs oder genie\u00dfen Sie die W\u00e4rme des Holzofens!\" \/>\n<meta property=\"og:url\" content=\"https:\/\/www.chalets-bourgsaintmaurice.com\/de\/chalets-von-bourg-st-maurice\/\" \/>\n<meta property=\"og:site_name\" content=\"Les Chalets de Bourg-St-Maurice\" \/>\n<meta property=\"article:modified_time\" content=\"2024-09-18T14:33:32+00:00\" \/>\n<meta name=\"twitter:card\" content=\"summary_large_image\" \/>\n<meta name=\"twitter:label1\" content=\"Est. reading time\" \/>\n\t<meta name=\"twitter:data1\" content=\"10 Minuten\" \/>\n<script type=\"application\/ld+json\" class=\"yoast-schema-graph\">{\"@context\":\"https:\/\/schema.org\",\"@graph\":[{\"@type\":\"WebPage\",\"@id\":\"https:\/\/www.chalets-bourgsaintmaurice.com\/de\/chalets-von-bourg-st-maurice\/\",\"url\":\"https:\/\/www.chalets-bourgsaintmaurice.com\/de\/chalets-von-bourg-st-maurice\/\",\"name\":\"Die Chalets von Bourg-Saint-Maurice | Huttopia Bourg-St-Maurice\",\"isPartOf\":{\"@id\":\"https:\/\/www.chalets-bourgsaintmaurice.com\/de\/#website\"},\"datePublished\":\"2018-07-04T14:10:25+00:00\",\"dateModified\":\"2024-09-18T14:33:32+00:00\",\"description\":\"Vermietung von voll ausgestatteten Holzchalets in den Alpen. Am Fu\u00dfe der Pisten, treffen Sie sich mit Ihrer Familie auf der Terrasse des Chalets mit Blick auf Les Arcs oder genie\u00dfen Sie die W\u00e4rme des Holzofens!\",\"breadcrumb\":{\"@id\":\"https:\/\/www.chalets-bourgsaintmaurice.com\/de\/chalets-von-bourg-st-maurice\/#breadcrumb\"},\"inLanguage\":\"de-DE\",\"potentialAction\":[{\"@type\":\"ReadAction\",\"target\":[\"https:\/\/www.chalets-bourgsaintmaurice.com\/de\/chalets-von-bourg-st-maurice\/\"]}]},{\"@type\":\"BreadcrumbList\",\"@id\":\"https:\/\/www.chalets-bourgsaintmaurice.com\/de\/chalets-von-bourg-st-maurice\/#breadcrumb\",\"itemListElement\":[{\"@type\":\"ListItem\",\"position\":1,\"name\":\"Home\",\"item\":\"https:\/\/www.chalets-bourgsaintmaurice.com\/de\/\"},{\"@type\":\"ListItem\",\"position\":2,\"name\":\"CHALETS VON BOURG-ST-MAURICE\"}]},{\"@type\":\"WebSite\",\"@id\":\"https:\/\/www.chalets-bourgsaintmaurice.com\/de\/#website\",\"url\":\"https:\/\/www.chalets-bourgsaintmaurice.com\/de\/\",\"name\":\"Les Chalets de Bourg-St-Maurice\",\"description\":\"Just another Citykamp site\",\"potentialAction\":[{\"@type\":\"SearchAction\",\"target\":{\"@type\":\"EntryPoint\",\"urlTemplate\":\"https:\/\/www.chalets-bourgsaintmaurice.com\/de\/?s={search_term_string}\"},\"query-input\":{\"@type\":\"PropertyValueSpecification\",\"valueRequired\":true,\"valueName\":\"search_term_string\"}}],\"inLanguage\":\"de-DE\"}]}<\/script>\n<!-- \/ Yoast SEO plugin. -->","yoast_head_json":{"title":"Die Chalets von Bourg-Saint-Maurice | Huttopia Bourg-St-Maurice","description":"Vermietung von voll ausgestatteten Holzchalets in den Alpen. Am Fu\u00dfe der Pisten, treffen Sie sich mit Ihrer Familie auf der Terrasse des Chalets mit Blick auf Les Arcs oder genie\u00dfen Sie die W\u00e4rme des Holzofens!","robots":{"index":"index","follow":"follow","max-snippet":"max-snippet:-1","max-image-preview":"max-image-preview:large","max-video-preview":"max-video-preview:-1"},"canonical":"https:\/\/www.chalets-bourgsaintmaurice.com\/de\/chalets-von-bourg-st-maurice\/","og_locale":"de_DE","og_type":"article","og_title":"Die Chalets von Bourg-Saint-Maurice | Huttopia Bourg-St-Maurice","og_description":"Vermietung von voll ausgestatteten Holzchalets in den Alpen. Am Fu\u00dfe der Pisten, treffen Sie sich mit Ihrer Familie auf der Terrasse des Chalets mit Blick auf Les Arcs oder genie\u00dfen Sie die W\u00e4rme des Holzofens!","og_url":"https:\/\/www.chalets-bourgsaintmaurice.com\/de\/chalets-von-bourg-st-maurice\/","og_site_name":"Les Chalets de Bourg-St-Maurice","article_modified_time":"2024-09-18T14:33:32+00:00","twitter_card":"summary_large_image","twitter_misc":{"Est. reading time":"10 Minuten"},"schema":{"@context":"https:\/\/schema.org","@graph":[{"@type":"WebPage","@id":"https:\/\/www.chalets-bourgsaintmaurice.com\/de\/chalets-von-bourg-st-maurice\/","url":"https:\/\/www.chalets-bourgsaintmaurice.com\/de\/chalets-von-bourg-st-maurice\/","name":"Die Chalets von Bourg-Saint-Maurice | Huttopia Bourg-St-Maurice","isPartOf":{"@id":"https:\/\/www.chalets-bourgsaintmaurice.com\/de\/#website"},"datePublished":"2018-07-04T14:10:25+00:00","dateModified":"2024-09-18T14:33:32+00:00","description":"Vermietung von voll ausgestatteten Holzchalets in den Alpen. Am Fu\u00dfe der Pisten, treffen Sie sich mit Ihrer Familie auf der Terrasse des Chalets mit Blick auf Les Arcs oder genie\u00dfen Sie die W\u00e4rme des Holzofens!","breadcrumb":{"@id":"https:\/\/www.chalets-bourgsaintmaurice.com\/de\/chalets-von-bourg-st-maurice\/#breadcrumb"},"inLanguage":"de-DE","potentialAction":[{"@type":"ReadAction","target":["https:\/\/www.chalets-bourgsaintmaurice.com\/de\/chalets-von-bourg-st-maurice\/"]}]},{"@type":"BreadcrumbList","@id":"https:\/\/www.chalets-bourgsaintmaurice.com\/de\/chalets-von-bourg-st-maurice\/#breadcrumb","itemListElement":[{"@type":"ListItem","position":1,"name":"Home","item":"https:\/\/www.chalets-bourgsaintmaurice.com\/de\/"},{"@type":"ListItem","position":2,"name":"CHALETS VON BOURG-ST-MAURICE"}]},{"@type":"WebSite","@id":"https:\/\/www.chalets-bourgsaintmaurice.com\/de\/#website","url":"https:\/\/www.chalets-bourgsaintmaurice.com\/de\/","name":"Les Chalets de Bourg-St-Maurice","description":"Just another Citykamp site","potentialAction":[{"@type":"SearchAction","target":{"@type":"EntryPoint","urlTemplate":"https:\/\/www.chalets-bourgsaintmaurice.com\/de\/?s={search_term_string}"},"query-input":{"@type":"PropertyValueSpecification","valueRequired":true,"valueName":"search_term_string"}}],"inLanguage":"de-DE"}]}},"_links":{"self":[{"href":"https:\/\/www.chalets-bourgsaintmaurice.com\/de\/wp-json\/wp\/v2\/pages\/300","targetHints":{"allow":["GET"]}}],"collection":[{"href":"https:\/\/www.chalets-bourgsaintmaurice.com\/de\/wp-json\/wp\/v2\/pages"}],"about":[{"href":"https:\/\/www.chalets-bourgsaintmaurice.com\/de\/wp-json\/wp\/v2\/types\/page"}],"author":[{"embeddable":true,"href":"https:\/\/www.chalets-bourgsaintmaurice.com\/de\/wp-json\/wp\/v2\/users\/1"}],"replies":[{"embeddable":true,"href":"https:\/\/www.chalets-bourgsaintmaurice.com\/de\/wp-json\/wp\/v2\/comments?post=300"}],"version-history":[{"count":3,"href":"https:\/\/www.chalets-bourgsaintmaurice.com\/de\/wp-json\/wp\/v2\/pages\/300\/revisions"}],"predecessor-version":[{"id":1685,"href":"https:\/\/www.chalets-bourgsaintmaurice.com\/de\/wp-json\/wp\/v2\/pages\/300\/revisions\/1685"}],"wp:attachment":[{"href":"https:\/\/www.chalets-bourgsaintmaurice.com\/de\/wp-json\/wp\/v2\/media?parent=300"}],"curies":[{"name":"wp","href":"https:\/\/api.w.org\/{rel}","templated":true}]}}