{"id":281,"date":"2018-07-04T14:10:54","date_gmt":"2018-07-04T14:10:54","guid":{"rendered":"http:\/\/www.citykamp.com\/leschaletsdebourgsaintmaurice\/caravaneige-dans-les-alpes\/"},"modified":"2023-01-05T15:23:52","modified_gmt":"2023-01-05T15:23:52","slug":"wintercamping-in-den-alpen","status":"publish","type":"page","link":"https:\/\/www.chalets-bourgsaintmaurice.com\/de\/wintercamping-in-den-alpen\/","title":{"rendered":"WINTERCAMPING IN DEN ALPEN"},"content":{"rendered":"<div class=\"wpb-content-wrapper\"><p>[vc_row][vc_column][vc_single_image image=&#8220;493&#8243; img_size=&#8220;1900&#215;500&#8243;][\/vc_column][\/vc_row][vc_row][vc_column]<div class=\"wrappedcontent\">[vc_column_text]<\/p>\n<h3>Probieren Sie es doch einmal mit Wintercamping in den Alpen<\/h3>\n<p>Urlaub auf dem Campingplatz, das geht auch im Winter! Stellen Sie sich mit Ihrem Wohnwagen oder Wohnmobil auf einen unserer winterfesten Stellpl\u00e4tze. Sie sind teilweise asphaltiert, mit Elektrizit\u00e4t ausgestattet und somit bestens f\u00fcr das Wintercamping geeignet.[\/vc_column_text][vc_empty_space][vc_masonry_media_grid element_width=&#8220;12&#8243; gap=&#8220;0&#8243; item=&#8220;78&#8243; grid_id=&#8220;vc_gid:1672932169310-1e6795be-feba-9&#8243; include=&#8220;823&#8243;][vc_empty_space][vc_row_inner gap=&#8220;25&#8243; css=&#8220;.vc_custom_1530867127674{margin-left: -0.5px !important;}&#8220;][vc_column_inner width=&#8220;1\/2&#8243;][vc_masonry_media_grid element_width=&#8220;12&#8243; gap=&#8220;0&#8243; item=&#8220;65&#8243; grid_id=&#8220;vc_gid:1672932169313-42b48ed3-cbf0-5&#8243; include=&#8220;499&#8243;][vc_empty_space height=&#8220;12px&#8220;][vc_column_text]<\/p>\n<h4>Stellplatz Wohnmobil Etappe<\/h4>\n<p>Kommen Sie in den Genuss unserer &#8222;Wohnmobil-Spezial&#8220;-Stellpl\u00e4tze, die asphaltiert und mit Elektrizit\u00e4t ausgestattet sind. Ideal f\u00fcr das Wintercamping![\/vc_column_text][\/vc_column_inner][vc_column_inner width=&#8220;1\/2&#8243;][vc_masonry_media_grid element_width=&#8220;12&#8243; gap=&#8220;0&#8243; item=&#8220;65&#8243; grid_id=&#8220;vc_gid:1672932169315-24a68356-9d20-3&#8243; include=&#8220;502&#8243;][vc_empty_space height=&#8220;12px&#8220;][vc_column_text]<\/p>\n<h4>Stellplatz Camping<\/h4>\n<p>Sie \u00fcbernachten im Wohnwagen? Stellen Sie sich auf einen unserer traditionellen Wintercamping-Stellpl\u00e4tze mit Stromanschluss.[\/vc_column_text][\/vc_column_inner][\/vc_row_inner][vc_empty_space]<div class=\"text-center btnwrap\"><a class=\"btn btn-huttopia-cta\" href=\"http:\/\/checkout.huttopia.com\/redirect\/de\/905\" role=\"button\" target=\"\" onclick=\"dataLayer.push({'event':'clickCity', 'clickText':'Buchen Sie Ihren Aufenthalt'})\">Buchen Sie Ihren Aufenthalt<\/a><\/div><\/div>[\/vc_column][\/vc_row][vc_row css=&#8220;.vc_custom_1530867541636{background-color: #e8e8e8 !important;}&#8220;][vc_column]<div class=\"wrappedcontent\">[vc_column_text]<\/p>\n<h4>Beheizte Sanit\u00e4ranlagen<\/h4>\n<p>[\/vc_column_text][vc_empty_space][vc_row_inner gap=&#8220;25&#8243; css=&#8220;.vc_custom_1530869201755{margin-left: -0.5px !important;}&#8220;][vc_column_inner width=&#8220;1\/3&#8243;][vc_column_text]Der Wintercampingplatz Huttopia Bourg Saint Maurice verf\u00fcgt \u00fcber zwei komplett renovierte Sanit\u00e4ranlagen, die komfortabel, ger\u00e4umig und beheizt sind.<\/p>\n<p><em>Die Sanit\u00e4ranlagen sind barrierefrei zug\u00e4nglich.<\/em>[\/vc_column_text][\/vc_column_inner][vc_column_inner width=&#8220;2\/3&#8243;][vc_masonry_media_grid element_width=&#8220;12&#8243; gap=&#8220;0&#8243; item=&#8220;65&#8243; grid_id=&#8220;vc_gid:1672932169319-da0428cb-d01b-0&#8243; include=&#8220;514&#8243;][\/vc_column_inner][\/vc_row_inner]<\/div>[\/vc_column][\/vc_row][vc_row][vc_column]<div class=\"wrappedcontent\">[vc_column_text]<\/p>\n<h4>Gef\u00e4llt mir&#8230;<\/h4>\n<p>[\/vc_column_text][vc_empty_space][vc_row_inner equal_height=&#8220;yes&#8220; gap=&#8220;20&#8243; css=&#8220;.vc_custom_1530882110009{margin-left: -0.5px !important;}&#8220;][vc_column_inner width=&#8220;1\/3&#8243; css=&#8220;.vc_custom_1530882521819{background-color: #e8e8e8 !important;}&#8220;][vc_icon icon_fontawesome=&#8220;fa fa-users&#8220; color=&#8220;mulled_wine&#8220; align=&#8220;center&#8220; css=&#8220;.vc_custom_1530882283167{margin-bottom: -10px !important;padding-top: 15px !important;}&#8220;][vc_column_text css=&#8220;.vc_custom_1531927224578{padding-top: 25px !important;padding-right: 15px !important;padding-bottom: 15px !important;padding-left: 15px !important;}&#8220;]<\/p>\n<p style=\"text-align: center;\">Ein behaglicher Gemeinschaftsbereich f\u00fcr geselliges Beisammensein und entspannte Erholung nach dem Skifahren<\/p>\n<p>[\/vc_column_text][\/vc_column_inner][vc_column_inner width=&#8220;1\/3&#8243; css=&#8220;.vc_custom_1530882536831{background-color: #e8e8e8 !important;}&#8220;][vc_icon icon_fontawesome=&#8220;fa fa-coffee&#8220; color=&#8220;mulled_wine&#8220; align=&#8220;center&#8220; css=&#8220;.vc_custom_1530882357644{margin-bottom: -10px !important;padding-top: 15px !important;}&#8220;][vc_column_text css=&#8220;.vc_custom_1531927231923{padding-top: 25px !important;padding-right: 15px !important;padding-bottom: 15px !important;padding-left: 15px !important;}&#8220;]<\/p>\n<p style=\"text-align: center;\">Das Brot-Depot, mit frischem Brot am Morgen, damit Sie voller Energie auf die Pisten starten k\u00f6nnen!<\/p>\n<p>[\/vc_column_text][\/vc_column_inner][vc_column_inner width=&#8220;1\/3&#8243; css=&#8220;.vc_custom_1530882541682{background-color: #e8e8e8 !important;}&#8220;][vc_icon icon_fontawesome=&#8220;fa fa-tint&#8220; color=&#8220;mulled_wine&#8220; align=&#8220;center&#8220; css=&#8220;.vc_custom_1530882383604{margin-bottom: -10px !important;padding-top: 15px !important;}&#8220;][vc_column_text css=&#8220;.vc_custom_1531927242565{padding-top: 25px !important;padding-right: 15px !important;padding-bottom: 15px !important;padding-left: 15px !important;}&#8220;]<\/p>\n<p style=\"text-align: center;\">Ein Waschraum mit Waschmaschinen und W\u00e4schetrockner (Verkauf von M\u00fcnzen und Waschmittelportionen an der Rezeption)<\/p>\n<p>[\/vc_column_text][\/vc_column_inner][\/vc_row_inner][vc_empty_space][vc_row_inner equal_height=&#8220;yes&#8220; gap=&#8220;20&#8243; css=&#8220;.vc_custom_1530882110009{margin-left: -0.5px !important;}&#8220;][vc_column_inner width=&#8220;1\/3&#8243; css=&#8220;.vc_custom_1530882527685{background-color: #e8e8e8 !important;}&#8220;][vc_icon type=&#8220;typicons&#8220; icon_typicons=&#8220;typcn typcn-weather-snow&#8220; color=&#8220;mulled_wine&#8220; align=&#8220;center&#8220; css=&#8220;.vc_custom_1530882419839{margin-bottom: -10px !important;padding-top: 15px !important;}&#8220;][vc_column_text css=&#8220;.vc_custom_1531927250963{padding-top: 25px !important;padding-right: 15px !important;padding-bottom: 15px !important;padding-left: 15px !important;}&#8220;]<\/p>\n<p style=\"text-align: center;\">Ein &#8222;Ski-Room&#8220; um Ihre Skisachen zu trocken<\/p>\n<p>[\/vc_column_text][\/vc_column_inner][vc_column_inner width=&#8220;1\/3&#8243; css=&#8220;.vc_custom_1530882532183{background-color: #e8e8e8 !important;}&#8220;][vc_icon icon_fontawesome=&#8220;fa fa-cutlery&#8220; color=&#8220;mulled_wine&#8220; align=&#8220;center&#8220; css=&#8220;.vc_custom_1530882431723{margin-bottom: -10px !important;padding-top: 15px !important;}&#8220;][vc_column_text css=&#8220;.vc_custom_1531927261481{padding-top: 25px !important;padding-right: 15px !important;padding-bottom: 15px !important;padding-left: 15px !important;}&#8220;]<\/p>\n<p style=\"text-align: center;\">Ein kleiner Laden mit Produkten aus der Region f\u00fcr die Feinschmecker<\/p>\n<p>[\/vc_column_text][\/vc_column_inner][vc_column_inner width=&#8220;1\/3&#8243; css=&#8220;.vc_custom_1530882546196{background-color: #e8e8e8 !important;}&#8220;][vc_icon type=&#8220;material&#8220; icon_material=&#8220;vc-material vc-material-directions_car&#8220; color=&#8220;mulled_wine&#8220; align=&#8220;center&#8220; css=&#8220;.vc_custom_1530882475173{margin-bottom: -10px !important;padding-top: 15px !important;}&#8220;][vc_column_text css=&#8220;.vc_custom_1531927268589{padding-top: 25px !important;padding-right: 15px !important;padding-bottom: 15px !important;padding-left: 15px !important;}&#8220;]<\/p>\n<p style=\"text-align: center;\">Eine Servicestation f\u00fcr Wohnmobile<\/p>\n<p>[\/vc_column_text][\/vc_column_inner][\/vc_row_inner][vc_empty_space height=&#8220;45px&#8220;][vc_masonry_media_grid element_width=&#8220;6&#8243; gap=&#8220;10&#8243; item=&#8220;65&#8243; grid_id=&#8220;vc_gid:1672932169324-7df153b1-f57f-6&#8243; include=&#8220;505,508&#8243;][vc_empty_space height=&#8220;60px&#8220;][vc_row_inner equal_height=&#8220;yes&#8220; gap=&#8220;20&#8243; css=&#8220;.vc_custom_1531753283372{margin-left: -0.5px !important;}&#8220;][vc_column_inner width=&#8220;1\/4&#8243; css=&#8220;.vc_custom_1531753290717{background-color: #e8e8e8 !important;}&#8220;][vc_icon icon_fontawesome=&#8220;fa fa-camera&#8220; color=&#8220;custom&#8220; size=&#8220;lg&#8220; align=&#8220;center&#8220; custom_color=&#8220;#23afc2&#8243; link=&#8220;url:https%3A%2F%2Fwww.chalets-bourgsaintmaurice.com%2Fde%2Ffotogalerie%2F||target:%20_blank|&#8220; css=&#8220;.vc_custom_1532607954691{margin-bottom: -10px !important;padding-top: 15px !important;}&#8220;][vc_column_text css=&#8220;.vc_custom_1532607946241{padding-top: 25px !important;padding-right: 15px !important;padding-bottom: 15px !important;padding-left: 15px !important;}&#8220;]<\/p>\n<p style=\"text-align: center;\"><a href=\"https:\/\/www.chalets-bourgsaintmaurice.com\/de\/fotogalerie\/\" target=\"_blank\" rel=\"noopener noreferrer\"><strong>Fotogalerie<\/strong><\/a><\/p>\n<p>[\/vc_column_text][\/vc_column_inner][vc_column_inner width=&#8220;1\/4&#8243; css=&#8220;.vc_custom_1531753294732{background-color: #e8e8e8 !important;}&#8220;][vc_icon icon_fontawesome=&#8220;&#8220; color=&#8220;custom&#8220; size=&#8220;lg&#8220; align=&#8220;center&#8220; custom_color=&#8220;#23afc2&#8243; link=&#8220;url:https%3A%2F%2Fmedia.huttopia.com%2Fdestinations%2Fbourg-saint-maurice%2Fhuttopia-bourg-saint-maurice-plan.pdf|target:_blank&#8220; css=&#8220;.vc_custom_1672932228893{margin-bottom: -10px !important;padding-top: 15px !important;}&#8220;][vc_column_text css=&#8220;.vc_custom_1672932222237{padding-top: 25px !important;padding-right: 15px !important;padding-bottom: 15px !important;padding-left: 15px !important;}&#8220;]<\/p>\n<p style=\"text-align: center;\"><a href=\"https:\/\/media.huttopia.com\/destinations\/bourg-saint-maurice\/huttopia-bourg-saint-maurice-plan.pdf\" target=\"_blank\" rel=\"noopener noreferrer\"><strong>Platzplan<\/strong><\/a><\/p>\n<p>[\/vc_column_text][\/vc_column_inner][vc_column_inner width=&#8220;1\/4&#8243; css=&#8220;.vc_custom_1531753299407{background-color: #e8e8e8 !important;}&#8220;][vc_icon icon_fontawesome=&#8220;fa fa-calendar-check-o&#8220; color=&#8220;custom&#8220; size=&#8220;lg&#8220; align=&#8220;center&#8220; custom_color=&#8220;#23afc2&#8243; link=&#8220;url:http%3A%2F%2Fcheckout.huttopia.com%2Fredirect%2Fde%2F905||target:%20_blank|&#8220; css=&#8220;.vc_custom_1531924780223{margin-bottom: -10px !important;padding-top: 15px !important;}&#8220;][vc_column_text css=&#8220;.vc_custom_1531924770088{padding-top: 25px !important;padding-right: 15px !important;padding-bottom: 15px !important;padding-left: 15px !important;}&#8220;]<\/p>\n<p style=\"text-align: center;\"><a href=\"http:\/\/checkout.huttopia.com\/redirect\/de\/905\" target=\"_blank\" rel=\"noopener noreferrer\"><strong>Buchen Sie Ihren Aufenthalt<\/strong><\/a><\/p>\n<p>[\/vc_column_text][\/vc_column_inner][vc_column_inner width=&#8220;1\/4&#8243; css=&#8220;.vc_custom_1531753303819{background-color: #e8e8e8 !important;}&#8220;][vc_icon icon_fontawesome=&#8220;fa fa-map-marker&#8220; color=&#8220;custom&#8220; size=&#8220;lg&#8220; align=&#8220;center&#8220; custom_color=&#8220;#23afc2&#8243; link=&#8220;url:https%3A%2F%2Fgoo.gl%2Fmaps%2F91aPmw4P4Ms||target:%20_blank|&#8220; css=&#8220;.vc_custom_1531753519174{margin-bottom: -10px !important;padding-top: 15px !important;}&#8220;][vc_column_text css=&#8220;.vc_custom_1531929374950{padding-top: 25px !important;padding-right: 15px !important;padding-bottom: 15px !important;padding-left: 15px !important;}&#8220;]<\/p>\n<p style=\"text-align: center;\"><a href=\"https:\/\/goo.gl\/maps\/91aPmw4P4Ms\" target=\"_blank\" rel=\"noopener noreferrer\"><strong>Reiseroute<\/strong><\/a><\/p>\n<p>[\/vc_column_text][\/vc_column_inner][\/vc_row_inner][vc_empty_space height=&#8220;60px&#8220;][vc_row_inner gap=&#8220;20&#8243; css=&#8220;.vc_custom_1530868866194{margin-left: -0.5px !important;background-color: #9d7c51 !important;}&#8220;][vc_column_inner width=&#8220;1\/2&#8243;][vc_column_text css=&#8220;.vc_custom_1531927368608{padding-top: 15px !important;padding-right: 15px !important;padding-bottom: 15px !important;padding-left: 15px !important;background-color: #9d7c51 !important;}&#8220;]<\/p>\n<h4><span style=\"color: #ffffff;\">Kommen Sie doch mal im sommer<\/span><\/h4>\n<p><span style=\"color: #ffffff;\">Ihr Winterurlaub bei uns hat Ihnen gefallen? Dann kommen Sie doch im Sommer wieder und entdecken Sie ganz neue Facetten von <span style=\"text-decoration: underline;\"><a style=\"color: #ffffff; text-decoration: underline;\" href=\"https:\/\/europe.huttopia.com\/de\/site\/camping-bourg-saint-maurice\/?session=2\" target=\"_blank\" rel=\"noopener noreferrer\">Huttopia Bourg-Saint-Maurice<\/a><\/span>, den Savoyen und den Sch\u00e4tzen des Nationalparks Vanoise. Saubere Luft, sattes Gr\u00fcn, Sport an der frischen Luft &#8211; jede Jahreszeit verzaubert Bergliebhaber mit ihrem ganz besonderen Charme!<\/span>[\/vc_column_text][\/vc_column_inner][vc_column_inner width=&#8220;1\/2&#8243;][vc_masonry_media_grid element_width=&#8220;12&#8243; gap=&#8220;0&#8243; item=&#8220;65&#8243; grid_id=&#8220;vc_gid:1672932169328-79c8afc1-5eda-4&#8243; include=&#8220;511&#8243;][\/vc_column_inner][\/vc_row_inner]<\/div>[\/vc_column][\/vc_row][vc_row css=&#8220;.vc_custom_1531753776100{background-color: #e8e8e8 !important;}&#8220;][vc_column]<div class=\"wrappedcontent\">[vc_column_text]<\/p>\n<h4>Fotos von Wintercamping in Bourg-Saint-Maurice &#8211; Les Arcs | Huttopia Bourg-St-Maurice<\/h4>\n<p>[\/vc_column_text][vc_empty_space height=&#8220;18px&#8220;][vc_masonry_media_grid style=&#8220;load-more&#8220; items_per_page=&#8220;4&#8243; element_width=&#8220;3&#8243; gap=&#8220;10&#8243; item=&#8220;44&#8243; btn_title=&#8220;MEHR&#8220; btn_style=&#8220;custom&#8220; btn_custom_background=&#8220;#23afc2&#8243; btn_custom_text=&#8220;#ffffff&#8220; btn_shape=&#8220;square&#8220; btn_i_icon_fontawesome=&#8220;fa fa-camera&#8220; btn_add_icon=&#8220;true&#8220; grid_id=&#8220;vc_gid:1672932169331-2de4c515-e550-5&#8243; include=&#8220;649,652,655,658,667,670,673&#8243;]<\/div>[\/vc_column][\/vc_row]<\/p>\n<\/div>","protected":false},"excerpt":{"rendered":"<p>[vc_row][vc_column][vc_single_image image=&#8220;493&#8243; img_size=&#8220;1900&#215;500&#8243;][\/vc_column][\/vc_row][vc_row][vc_column][\/vc_column][\/vc_row][vc_row css=&#8220;.vc_custom_1530867541636{background-color: #e8e8e8 !important;}&#8220;][vc_column][\/vc_column][\/vc_row][vc_row][vc_column][\/vc_column][\/vc_row][vc_row css=&#8220;.vc_custom_1531753776100{background-color: #e8e8e8 !important;}&#8220;][vc_column][\/vc_column][\/vc_row]<\/p>\n","protected":false},"author":1,"featured_media":0,"parent":0,"menu_order":0,"comment_status":"closed","ping_status":"closed","template":"","meta":{"footnotes":""},"class_list":["post-281","page","type-page","status-publish","hentry"],"yoast_head":"<!-- This site is optimized with the Yoast SEO plugin v25.6 - https:\/\/yoast.com\/wordpress\/plugins\/seo\/ -->\n<title>Wintercamping in den Alpen - Wohnmobile | Bourg-Saint-Maurice<\/title>\n<meta name=\"description\" content=\"Campen Sie mit Ihrem Wohnwagen oder Wohnmobil an einem geeigneten Ort f\u00fcr den Winter, am Fu\u00dfe der Pisten in den Alpen, Huttopia Camping Bourg-Saint-Maurice.\" \/>\n<meta name=\"robots\" content=\"index, follow, max-snippet:-1, max-image-preview:large, max-video-preview:-1\" \/>\n<link rel=\"canonical\" href=\"https:\/\/www.chalets-bourgsaintmaurice.com\/de\/wintercamping-in-den-alpen\/\" \/>\n<meta property=\"og:locale\" content=\"de_DE\" \/>\n<meta property=\"og:type\" content=\"article\" \/>\n<meta property=\"og:title\" content=\"Wintercamping in den Alpen - Wohnmobile | Bourg-Saint-Maurice\" \/>\n<meta property=\"og:description\" content=\"Campen Sie mit Ihrem Wohnwagen oder Wohnmobil an einem geeigneten Ort f\u00fcr den Winter, am Fu\u00dfe der Pisten in den Alpen, Huttopia Camping Bourg-Saint-Maurice.\" \/>\n<meta property=\"og:url\" content=\"https:\/\/www.chalets-bourgsaintmaurice.com\/de\/wintercamping-in-den-alpen\/\" \/>\n<meta property=\"og:site_name\" content=\"Les Chalets de Bourg-St-Maurice\" \/>\n<meta property=\"article:modified_time\" content=\"2023-01-05T15:23:52+00:00\" \/>\n<meta name=\"twitter:card\" content=\"summary_large_image\" \/>\n<meta name=\"twitter:label1\" content=\"Est. reading time\" \/>\n\t<meta name=\"twitter:data1\" content=\"4 Minuten\" \/>\n<script type=\"application\/ld+json\" class=\"yoast-schema-graph\">{\"@context\":\"https:\/\/schema.org\",\"@graph\":[{\"@type\":\"WebPage\",\"@id\":\"https:\/\/www.chalets-bourgsaintmaurice.com\/de\/wintercamping-in-den-alpen\/\",\"url\":\"https:\/\/www.chalets-bourgsaintmaurice.com\/de\/wintercamping-in-den-alpen\/\",\"name\":\"Wintercamping in den Alpen - Wohnmobile | Bourg-Saint-Maurice\",\"isPartOf\":{\"@id\":\"https:\/\/www.chalets-bourgsaintmaurice.com\/de\/#website\"},\"datePublished\":\"2018-07-04T14:10:54+00:00\",\"dateModified\":\"2023-01-05T15:23:52+00:00\",\"description\":\"Campen Sie mit Ihrem Wohnwagen oder Wohnmobil an einem geeigneten Ort f\u00fcr den Winter, am Fu\u00dfe der Pisten in den Alpen, Huttopia Camping Bourg-Saint-Maurice.\",\"breadcrumb\":{\"@id\":\"https:\/\/www.chalets-bourgsaintmaurice.com\/de\/wintercamping-in-den-alpen\/#breadcrumb\"},\"inLanguage\":\"de-DE\",\"potentialAction\":[{\"@type\":\"ReadAction\",\"target\":[\"https:\/\/www.chalets-bourgsaintmaurice.com\/de\/wintercamping-in-den-alpen\/\"]}]},{\"@type\":\"BreadcrumbList\",\"@id\":\"https:\/\/www.chalets-bourgsaintmaurice.com\/de\/wintercamping-in-den-alpen\/#breadcrumb\",\"itemListElement\":[{\"@type\":\"ListItem\",\"position\":1,\"name\":\"Home\",\"item\":\"https:\/\/www.chalets-bourgsaintmaurice.com\/de\/\"},{\"@type\":\"ListItem\",\"position\":2,\"name\":\"WINTERCAMPING IN DEN ALPEN\"}]},{\"@type\":\"WebSite\",\"@id\":\"https:\/\/www.chalets-bourgsaintmaurice.com\/de\/#website\",\"url\":\"https:\/\/www.chalets-bourgsaintmaurice.com\/de\/\",\"name\":\"Les Chalets de Bourg-St-Maurice\",\"description\":\"Just another Citykamp site\",\"potentialAction\":[{\"@type\":\"SearchAction\",\"target\":{\"@type\":\"EntryPoint\",\"urlTemplate\":\"https:\/\/www.chalets-bourgsaintmaurice.com\/de\/?s={search_term_string}\"},\"query-input\":{\"@type\":\"PropertyValueSpecification\",\"valueRequired\":true,\"valueName\":\"search_term_string\"}}],\"inLanguage\":\"de-DE\"}]}<\/script>\n<!-- \/ Yoast SEO plugin. -->","yoast_head_json":{"title":"Wintercamping in den Alpen - Wohnmobile | Bourg-Saint-Maurice","description":"Campen Sie mit Ihrem Wohnwagen oder Wohnmobil an einem geeigneten Ort f\u00fcr den Winter, am Fu\u00dfe der Pisten in den Alpen, Huttopia Camping Bourg-Saint-Maurice.","robots":{"index":"index","follow":"follow","max-snippet":"max-snippet:-1","max-image-preview":"max-image-preview:large","max-video-preview":"max-video-preview:-1"},"canonical":"https:\/\/www.chalets-bourgsaintmaurice.com\/de\/wintercamping-in-den-alpen\/","og_locale":"de_DE","og_type":"article","og_title":"Wintercamping in den Alpen - Wohnmobile | Bourg-Saint-Maurice","og_description":"Campen Sie mit Ihrem Wohnwagen oder Wohnmobil an einem geeigneten Ort f\u00fcr den Winter, am Fu\u00dfe der Pisten in den Alpen, Huttopia Camping Bourg-Saint-Maurice.","og_url":"https:\/\/www.chalets-bourgsaintmaurice.com\/de\/wintercamping-in-den-alpen\/","og_site_name":"Les Chalets de Bourg-St-Maurice","article_modified_time":"2023-01-05T15:23:52+00:00","twitter_card":"summary_large_image","twitter_misc":{"Est. reading time":"4 Minuten"},"schema":{"@context":"https:\/\/schema.org","@graph":[{"@type":"WebPage","@id":"https:\/\/www.chalets-bourgsaintmaurice.com\/de\/wintercamping-in-den-alpen\/","url":"https:\/\/www.chalets-bourgsaintmaurice.com\/de\/wintercamping-in-den-alpen\/","name":"Wintercamping in den Alpen - Wohnmobile | Bourg-Saint-Maurice","isPartOf":{"@id":"https:\/\/www.chalets-bourgsaintmaurice.com\/de\/#website"},"datePublished":"2018-07-04T14:10:54+00:00","dateModified":"2023-01-05T15:23:52+00:00","description":"Campen Sie mit Ihrem Wohnwagen oder Wohnmobil an einem geeigneten Ort f\u00fcr den Winter, am Fu\u00dfe der Pisten in den Alpen, Huttopia Camping Bourg-Saint-Maurice.","breadcrumb":{"@id":"https:\/\/www.chalets-bourgsaintmaurice.com\/de\/wintercamping-in-den-alpen\/#breadcrumb"},"inLanguage":"de-DE","potentialAction":[{"@type":"ReadAction","target":["https:\/\/www.chalets-bourgsaintmaurice.com\/de\/wintercamping-in-den-alpen\/"]}]},{"@type":"BreadcrumbList","@id":"https:\/\/www.chalets-bourgsaintmaurice.com\/de\/wintercamping-in-den-alpen\/#breadcrumb","itemListElement":[{"@type":"ListItem","position":1,"name":"Home","item":"https:\/\/www.chalets-bourgsaintmaurice.com\/de\/"},{"@type":"ListItem","position":2,"name":"WINTERCAMPING IN DEN ALPEN"}]},{"@type":"WebSite","@id":"https:\/\/www.chalets-bourgsaintmaurice.com\/de\/#website","url":"https:\/\/www.chalets-bourgsaintmaurice.com\/de\/","name":"Les Chalets de Bourg-St-Maurice","description":"Just another Citykamp site","potentialAction":[{"@type":"SearchAction","target":{"@type":"EntryPoint","urlTemplate":"https:\/\/www.chalets-bourgsaintmaurice.com\/de\/?s={search_term_string}"},"query-input":{"@type":"PropertyValueSpecification","valueRequired":true,"valueName":"search_term_string"}}],"inLanguage":"de-DE"}]}},"_links":{"self":[{"href":"https:\/\/www.chalets-bourgsaintmaurice.com\/de\/wp-json\/wp\/v2\/pages\/281","targetHints":{"allow":["GET"]}}],"collection":[{"href":"https:\/\/www.chalets-bourgsaintmaurice.com\/de\/wp-json\/wp\/v2\/pages"}],"about":[{"href":"https:\/\/www.chalets-bourgsaintmaurice.com\/de\/wp-json\/wp\/v2\/types\/page"}],"author":[{"embeddable":true,"href":"https:\/\/www.chalets-bourgsaintmaurice.com\/de\/wp-json\/wp\/v2\/users\/1"}],"replies":[{"embeddable":true,"href":"https:\/\/www.chalets-bourgsaintmaurice.com\/de\/wp-json\/wp\/v2\/comments?post=281"}],"version-history":[{"count":3,"href":"https:\/\/www.chalets-bourgsaintmaurice.com\/de\/wp-json\/wp\/v2\/pages\/281\/revisions"}],"predecessor-version":[{"id":1602,"href":"https:\/\/www.chalets-bourgsaintmaurice.com\/de\/wp-json\/wp\/v2\/pages\/281\/revisions\/1602"}],"wp:attachment":[{"href":"https:\/\/www.chalets-bourgsaintmaurice.com\/de\/wp-json\/wp\/v2\/media?parent=281"}],"curies":[{"name":"wp","href":"https:\/\/api.w.org\/{rel}","templated":true}]}}