{"id":270,"date":"2018-07-04T14:09:56","date_gmt":"2018-07-04T14:09:56","guid":{"rendered":"http:\/\/www.citykamp.com\/leschaletsdebourgsaintmaurice\/accueil\/"},"modified":"2025-08-11T14:46:29","modified_gmt":"2025-08-11T14:46:29","slug":"accueil","status":"publish","type":"page","link":"https:\/\/www.chalets-bourgsaintmaurice.com\/de\/","title":{"rendered":"Home"},"content":{"rendered":"<div class=\"wpb-content-wrapper\"><p>[vc_row][vc_column]<div class=\"wrappedcontent\">[vc_column_text css=&#8220;&#8220;]<\/p>\n<h3>Buchen Sie Ihr Chalet in Bourg Saint-Maurice oder entscheiden Sie sich f\u00fcr Wintercamping in den Alpen!<\/h3>\n<p><i class=\"fa fa-clock-o\" style=\"font-size: 24px;\"><\/i> \u00a0\u00a0<span style=\"color: #23afc2; font-size: 14pt;\">Ge\u00f6ffnet von 12.12.2025 bis 06.04.2026<\/span>[\/vc_column_text][vc_empty_space][vc_column_text]Huttopia Bourg Saint-Maurice &#8211; les Arcs, in unmittelbarer N\u00e4he der Skigebiete Les Arcs und Paradiski, ist das ideale Reiseziel f\u00fcr Ihren Familienurlaub in den Alpen! Ob im freistehenden Chalet oder beim Wintercamping &#8211; genie\u00dfen Sie den ganzen Winter \u00fcber die Berge und die Freuden im Schnee, in aller Freiheit.<\/p>\n<h4>Huttopia Bourg Saint-Maurice &#8211; Les Arcs empf\u00e4ngt Sie den ganzen Winter \u00fcber<\/h4>\n<p>Machen Sie Urlaub in 800 Meter H\u00f6he in Bourg Saint-Maurice-Les Arcs, dem Hauptort der Haute-Tarentaise. Genie\u00dfen Sie von Ihrem Stellplatz oder der Terrasse Ihres Chalets aus Holz aus freie Sicht auf die Alpen. Ob Ski Nordisch oder Ski Alpin, Schneeschuhwandern oder Hundeschlitten &#8230; der ideale Ort f\u00fcr Wintersport und Schneevergn\u00fcgen im Herzen der Savoyen![\/vc_column_text][vc_empty_space]<div class=\"text-center btnwrap\"><a class=\"btn btn-huttopia-cta\" href=\"http:\/\/checkout.huttopia.com\/redirect\/de\/905\" role=\"button\" target=\"\" onclick=\"dataLayer.push({'event':'clickCity', 'clickText':'Buchen Sie Ihren Aufenthalt'})\">Buchen Sie Ihren Aufenthalt<\/a><\/div>[vc_empty_space][vc_row_inner gap=&#8220;25&#8243; css=&#8220;.vc_custom_1530716677593{margin-left: -0.5px !important;}&#8220;][vc_column_inner width=&#8220;1\/4&#8243;][vc_masonry_media_grid element_width=&#8220;12&#8243; gap=&#8220;0&#8243; item=&#8220;261&#8243; grid_id=&#8220;vc_gid:1754923576469-f06ba72d-c28d-4&#8243; include=&#8220;1636&#8243;][\/vc_column_inner][vc_column_inner width=&#8220;1\/4&#8243;][vc_masonry_media_grid element_width=&#8220;12&#8243; gap=&#8220;0&#8243; item=&#8220;258&#8243; grid_id=&#8220;vc_gid:1754923576470-0de3e08f-914c-10&#8243; include=&#8220;1640&#8243;][\/vc_column_inner][vc_column_inner width=&#8220;1\/4&#8243;][vc_masonry_media_grid element_width=&#8220;12&#8243; gap=&#8220;0&#8243; item=&#8220;266&#8243; grid_id=&#8220;vc_gid:1754923576471-4e05be04-aff8-5&#8243; include=&#8220;1644&#8243;][\/vc_column_inner][vc_column_inner width=&#8220;1\/4&#8243;][vc_masonry_media_grid element_width=&#8220;12&#8243; gap=&#8220;0&#8243; item=&#8220;263&#8243; grid_id=&#8220;vc_gid:1754923576471-425466b0-de6f-2&#8243; include=&#8220;1648&#8243;][\/vc_column_inner][\/vc_row_inner]<\/div>[\/vc_column][\/vc_row][vc_row][vc_column]<div class=\"wrappedcontent\">[vc_row_inner content_placement=&#8220;middle&#8220;][vc_column_inner width=&#8220;1\/6&#8243;][vc_icon icon_fontawesome=&#8220;fa fa-quote-left&#8220; color=&#8220;custom&#8220; custom_color=&#8220;#23afc2&#8243;][\/vc_column_inner][vc_column_inner width=&#8220;2\/3&#8243;][vc_column_text]<\/p>\n<p style=\"text-align: center;\"><span style=\"font-size: 14pt;\"><em>Sehr sch\u00f6ner Sanit\u00e4rbereich, gepflegte Anlage, gro\u00dfe Stellpl\u00e4tze.<\/em><\/span><br \/>\n<span style=\"font-size: 10pt;\">Steffen K.\u00a0 \u00a0<\/span><span style=\"color: #23afc2;\">\u2605\u2605\u2605\u2605\u2605<\/span><\/p>\n<p style=\"text-align: center;\"><em><span style=\"font-size: 16pt;\"><span style=\"font-size: 14pt;\">Zufrieden mit unserem Aufenthalt. Chalet entspricht der Beschreibung, perfekt f\u00fcr einen Skiurlaub, aufmerksames und angenehmes Personal.<\/span><br \/>\n<\/span><\/em><span style=\"font-size: 10pt;\">Ang\u00e9lique J.<\/span>\u00a0 \u00a0<span style=\"color: #23afc2;\">\u2605\u2605\u2605\u2605\u2605<\/span><\/p>\n<p>[\/vc_column_text][\/vc_column_inner][vc_column_inner width=&#8220;1\/6&#8243;][vc_icon icon_fontawesome=&#8220;fa fa-quote-right&#8220; color=&#8220;custom&#8220; align=&#8220;right&#8220; custom_color=&#8220;#23afc2&#8243;][\/vc_column_inner][\/vc_row_inner][vc_empty_space height=&#8220;60px&#8220;][vc_row_inner equal_height=&#8220;yes&#8220; gap=&#8220;20&#8243; css=&#8220;.vc_custom_1531753283372{margin-left: -0.5px !important;}&#8220;][vc_column_inner width=&#8220;1\/4&#8243; css=&#8220;.vc_custom_1531753290717{background-color: #e8e8e8 !important;}&#8220;][vc_icon icon_fontawesome=&#8220;fa fa-camera&#8220; color=&#8220;custom&#8220; size=&#8220;lg&#8220; align=&#8220;center&#8220; css=&#8220;.vc_custom_1532607954691{margin-bottom: -10px !important;padding-top: 15px !important;}&#8220; custom_color=&#8220;#23afc2&#8243; link=&#8220;url:https%3A%2F%2Fwww.chalets-bourgsaintmaurice.com%2Fde%2Ffotogalerie%2F||target:%20_blank|&#8220;][vc_column_text css=&#8220;.vc_custom_1532607946241{padding-top: 25px !important;padding-right: 15px !important;padding-bottom: 15px !important;padding-left: 15px !important;}&#8220;]<\/p>\n<p style=\"text-align: center;\"><a href=\"https:\/\/www.chalets-bourgsaintmaurice.com\/de\/fotogalerie\/\" target=\"_blank\" rel=\"noopener noreferrer\"><strong>Fotogalerie<\/strong><\/a><\/p>\n<p>[\/vc_column_text][\/vc_column_inner][vc_column_inner width=&#8220;1\/4&#8243; css=&#8220;.vc_custom_1531753294732{background-color: #e8e8e8 !important;}&#8220;][vc_icon icon_fontawesome=&#8220;&#8220; color=&#8220;custom&#8220; size=&#8220;lg&#8220; align=&#8220;center&#8220; css=&#8220;.vc_custom_1672932103129{margin-bottom: -10px !important;padding-top: 15px !important;}&#8220; custom_color=&#8220;#23afc2&#8243; link=&#8220;url:https%3A%2F%2Fmedia.huttopia.com%2Fdestinations%2Fbourg-saint-maurice%2Fhuttopia-bourg-saint-maurice-plan.pdf|target:_blank&#8220;][vc_column_text css=&#8220;.vc_custom_1672931922078{padding-top: 25px !important;padding-right: 15px !important;padding-bottom: 15px !important;padding-left: 15px !important;}&#8220;]<\/p>\n<p style=\"text-align: center;\"><a href=\"https:\/\/media.huttopia.com\/destinations\/bourg-saint-maurice\/huttopia-bourg-saint-maurice-plan.pdf\" target=\"_blank\" rel=\"noopener noreferrer\"><strong>Platzplan<\/strong><\/a><\/p>\n<p>[\/vc_column_text][\/vc_column_inner][vc_column_inner width=&#8220;1\/4&#8243; css=&#8220;.vc_custom_1531753299407{background-color: #e8e8e8 !important;}&#8220;][vc_icon icon_fontawesome=&#8220;fa fa-envelope-o&#8220; color=&#8220;custom&#8220; size=&#8220;lg&#8220; align=&#8220;center&#8220; css=&#8220;.vc_custom_1532608222739{margin-bottom: -10px !important;padding-top: 15px !important;}&#8220; custom_color=&#8220;#23afc2&#8243; link=&#8220;url:https%3A%2F%2Fwww.chalets-bourgsaintmaurice.com%2Fde%2Fkontakt%2F||target:%20_blank|&#8220;][vc_column_text css=&#8220;.vc_custom_1532608243908{padding-top: 25px !important;padding-right: 15px !important;padding-bottom: 15px !important;padding-left: 15px !important;}&#8220;]<\/p>\n<p style=\"text-align: center;\"><a href=\"https:\/\/www.chalets-bourgsaintmaurice.com\/de\/kontakt\/\" target=\"_blank\" rel=\"noopener noreferrer\"><strong>Kontakt<\/strong><\/a><\/p>\n<p>[\/vc_column_text][\/vc_column_inner][vc_column_inner width=&#8220;1\/4&#8243; css=&#8220;.vc_custom_1531753303819{background-color: #e8e8e8 !important;}&#8220;][vc_icon icon_fontawesome=&#8220;fa fa-map-marker&#8220; color=&#8220;custom&#8220; size=&#8220;lg&#8220; align=&#8220;center&#8220; css=&#8220;.vc_custom_1531753519174{margin-bottom: -10px !important;padding-top: 15px !important;}&#8220; custom_color=&#8220;#23afc2&#8243; link=&#8220;url:https%3A%2F%2Fgoo.gl%2Fmaps%2F91aPmw4P4Ms||target:%20_blank|&#8220;][vc_column_text css=&#8220;.vc_custom_1531929374950{padding-top: 25px !important;padding-right: 15px !important;padding-bottom: 15px !important;padding-left: 15px !important;}&#8220;]<\/p>\n<p style=\"text-align: center;\"><a href=\"https:\/\/goo.gl\/maps\/91aPmw4P4Ms\" target=\"_blank\" rel=\"noopener noreferrer\"><strong>Reiseroute<\/strong><\/a><\/p>\n<p>[\/vc_column_text][\/vc_column_inner][\/vc_row_inner]<\/div>[\/vc_column][\/vc_row][vc_row css=&#8220;.vc_custom_1530717000895{background-color: #e8e8e8 !important;}&#8220;][vc_column]<div class=\"wrappedcontent\">[vc_column_text]<\/p>\n<h4>Anfahrt:<\/h4>\n<p><strong>Mit dem Auto<br \/>\n<\/strong>\u00dcber die A 430 \/ RN 90 (Lyon-Chamb\u00e9ry-Albertville) bis nach Moutiers, dann auf die RN 90 bis nach Bourg-Saint-Maurice. Fahren Sie durch die Stadt, am 4. Kreisverkehr nehmen Sie die Ausfahrt Les Arcs. Huttopia Bourg St Maurice befindet sich auf der rechten Seite.<\/p>\n<p><strong>Mit dem Zug<\/strong><br \/>\nTGV- und Busbahnhof in 1,5 km Entfernung (5 Std. mit dem TGV von Paris aus). Haltestelle f\u00fcr Thalys und Eurostarz\u00fcge.<\/p>\n<p><strong>Mit dem Flugzeug<\/strong><br \/>\nNahegelegene Flugh\u00e4fen: Chamb\u00e9ry (100 km)\/Genf (190 km)\/Lyon (190 km).[\/vc_column_text]<\/div>\n    <div id=\"map87370\" class=\"map\"><\/div>\n    <script type=\"text\/javascript\">\n        let iconType = L.icon({\n            iconUrl: baseDirectory + '\/img\/pin.png',\n            iconSize: [22, 48],\n            iconAnchor: [11, 46],\n            popupAnchor: [0, -46]\n        });\n        let map = L.map('map87370', {\n            center: L.latLng(45.622383, 6.78465499999993),\n            zoom: 10.8,\n            layers: [L.tileLayer('https:\/\/cartodb-basemaps-b.global.ssl.fastly.net\/light_all\/{z}\/{x}\/{y}.png', {\n                attribution: '&copy; <a href=\"https:\/\/www.openstreetmap.org\/copyright\">OpenStreetMap<\/a>'\n            })],\n            zoomSnap: 0.2\n        });\n        setTimeout(map.invalidateSize.bind(map), 100);\n        let contentString = '<div id=\"content\">' +\n            '<div id=\"siteNotice\">' +\n            '<\/div>' +\n            '<h4 id=\"firstHeading\" class=\"firstHeading\">Huttopia Bourg-Saint-Maurice<\/h4>' +\n            '<div id=\"bodyContent\">' +\n            '<p>Route des Arcs<\/p>' +\n            '<p>73700 Bourg-Saint-Maurice<\/p>' +\n            '<\/div>' +\n            '<\/div>';\n        let marker = L.marker([45.622383, 6.78465499999993], {icon: iconType}).addTo(map);\n        marker.bindPopup(contentString).openPopup();\n        let iwOuter = document.querySelector('.leaflet-popup-content-wrapper');\n        let iwArrow = document.querySelector('.leaflet-popup-tip');\n        iwOuter.style.backgroundColor = '#23AFC2';\n        iwArrow.style.backgroundColor = '#23AFC2';\n    <\/script>\n    [\/vc_column][\/vc_row][vc_row el_id=&#8220;conditions&#8220;][vc_column]<div class=\"wrappedcontent\">[vc_column_text]<strong>FIXEN WOCHENPREISEN<\/strong><\/p>\n<p>Erm\u00e4\u00dfigter Vorteilstarif mit fixen Wochenpreisen:<br \/>\n700 \u20ac f\u00fcr eine Buchung von 7 \u00dcbernachtungen in einem Chalet Montana an unseren Urlaubszielen Bourg Saint Maurice und Bozel en Vanoise f\u00fcr die Woche vom 08.02.2020 bis 15.02.2020 und die Woche vom 29.02.2020 bis 07.03.2020.<br \/>\nDirekt anwendbare Angebote ohne anzugebenden Aktionscode.[\/vc_column_text]<\/div>[\/vc_column][\/vc_row][vc_row css=&#8220;.vc_custom_1530717244688{background-color: #e8e8e8 !important;}&#8220;][vc_column]<div class=\"wrappedcontent\">[vc_row_inner css=&#8220;.vc_custom_1530718002167{margin-top: -30px !important;margin-bottom: -30px !important;}&#8220;][vc_column_inner width=&#8220;1\/4&#8243;][vc_column_text]<\/p>\n<p style=\"text-align: center;\"><strong><span style=\"color: #333333; font-size: 10pt;\">3 Sterne<\/span><\/strong><\/p>\n<p>[\/vc_column_text][vc_icon icon_fontawesome=&#8220;fa fa-star&#8220; color=&#8220;mulled_wine&#8220; size=&#8220;sm&#8220; align=&#8220;center&#8220; css=&#8220;.vc_custom_1530717769201{margin-bottom: -10px !important;}&#8220;][\/vc_column_inner][vc_column_inner width=&#8220;1\/4&#8243;][vc_column_text]<\/p>\n<p style=\"text-align: center;\"><strong><span style=\"color: #333333; font-size: 10pt;\">Gesamtfl\u00e4che: 5 ha<\/span><\/strong><\/p>\n<p>[\/vc_column_text][vc_icon type=&#8220;typicons&#8220; icon_typicons=&#8220;typcn typcn-leaf&#8220; color=&#8220;mulled_wine&#8220; size=&#8220;sm&#8220; align=&#8220;center&#8220; css=&#8220;.vc_custom_1530717965753{margin-bottom: -10px !important;}&#8220;][\/vc_column_inner][vc_column_inner width=&#8220;1\/4&#8243;][vc_column_text]<\/p>\n<p style=\"text-align: center;\"><strong><span style=\"color: #333333; font-size: 10pt;\">153 Stellpl\u00e4tze<\/span><\/strong><\/p>\n<p>[\/vc_column_text][vc_icon type=&#8220;material&#8220; icon_material=&#8220;vc-material vc-material-home&#8220; color=&#8220;mulled_wine&#8220; size=&#8220;sm&#8220; align=&#8220;center&#8220; css=&#8220;.vc_custom_1530717978857{margin-bottom: -10px !important;}&#8220;][\/vc_column_inner][vc_column_inner width=&#8220;1\/4&#8243;][vc_column_text]<\/p>\n<p style=\"text-align: center;\"><strong><span style=\"color: #333333; font-size: 10pt;\">Barrierefreier Zugang<\/span><\/strong><\/p>\n<p>[\/vc_column_text][vc_icon icon_fontawesome=&#8220;fa fa-wheelchair&#8220; color=&#8220;mulled_wine&#8220; size=&#8220;sm&#8220; align=&#8220;center&#8220; css=&#8220;.vc_custom_1530717991003{margin-bottom: -10px !important;}&#8220;][\/vc_column_inner][\/vc_row_inner]<\/div>[\/vc_column][\/vc_row]<\/p>\n<\/div>","protected":false},"excerpt":{"rendered":"<p>[vc_row][vc_column][\/vc_column][\/vc_row][vc_row][vc_column][\/vc_column][\/vc_row][vc_row css=&#8220;.vc_custom_1530717000895{background-color: #e8e8e8 !important;}&#8220;][vc_column][\/vc_column][\/vc_row][vc_row el_id=&#8220;conditions&#8220;][vc_column][\/vc_column][\/vc_row][vc_row css=&#8220;.vc_custom_1530717244688{background-color: #e8e8e8 !important;}&#8220;][vc_column][\/vc_column][\/vc_row]<\/p>\n","protected":false},"author":1,"featured_media":0,"parent":0,"menu_order":0,"comment_status":"closed","ping_status":"closed","template":"templates\/page-home.php","meta":{"footnotes":""},"class_list":["post-270","page","type-page","status-publish","hentry"],"yoast_head":"<!-- This site is optimized with the Yoast SEO plugin v25.6 - https:\/\/yoast.com\/wordpress\/plugins\/seo\/ -->\n<title>\u00dcbernachten Sie in diesem Winter in einem Chalet oder Winterwohnwagen in Bourg-St-Maurice | Huttopia<\/title>\n<meta name=\"description\" content=\"In der Umgebung von Les Arcs im Herzen der Alpen genie\u00dfen Sie den idealen Rahmen f\u00fcr einen gelungenen Urlaub in den Bergen. Vermietung von Holzh\u00fctten oder Caravaneige, Wintersport ... Genie\u00dfen Sie einen Aufenthalt im Schnee in Savoie.\" \/>\n<meta name=\"robots\" content=\"index, follow, max-snippet:-1, max-image-preview:large, max-video-preview:-1\" \/>\n<link rel=\"canonical\" href=\"https:\/\/www.chalets-bourgsaintmaurice.com\/de\/\" \/>\n<meta property=\"og:locale\" content=\"de_DE\" \/>\n<meta property=\"og:type\" content=\"article\" \/>\n<meta property=\"og:title\" content=\"\u00dcbernachten Sie in diesem Winter in einem Chalet oder Winterwohnwagen in Bourg-St-Maurice | Huttopia\" \/>\n<meta property=\"og:description\" content=\"In der Umgebung von Les Arcs im Herzen der Alpen genie\u00dfen Sie den idealen Rahmen f\u00fcr einen gelungenen Urlaub in den Bergen. Vermietung von Holzh\u00fctten oder Caravaneige, Wintersport ... Genie\u00dfen Sie einen Aufenthalt im Schnee in Savoie.\" \/>\n<meta property=\"og:url\" content=\"https:\/\/www.chalets-bourgsaintmaurice.com\/de\/\" \/>\n<meta property=\"og:site_name\" content=\"Les Chalets de Bourg-St-Maurice\" \/>\n<meta property=\"article:modified_time\" content=\"2025-08-11T14:46:29+00:00\" \/>\n<meta name=\"twitter:card\" content=\"summary_large_image\" \/>\n<meta name=\"twitter:label1\" content=\"Est. reading time\" \/>\n\t<meta name=\"twitter:data1\" content=\"4 Minuten\" \/>\n<script type=\"application\/ld+json\" class=\"yoast-schema-graph\">{\"@context\":\"https:\/\/schema.org\",\"@graph\":[{\"@type\":\"WebPage\",\"@id\":\"https:\/\/www.chalets-bourgsaintmaurice.com\/de\/\",\"url\":\"https:\/\/www.chalets-bourgsaintmaurice.com\/de\/\",\"name\":\"\u00dcbernachten Sie in diesem Winter in einem Chalet oder Winterwohnwagen in Bourg-St-Maurice | Huttopia\",\"isPartOf\":{\"@id\":\"https:\/\/www.chalets-bourgsaintmaurice.com\/de\/#website\"},\"datePublished\":\"2018-07-04T14:09:56+00:00\",\"dateModified\":\"2025-08-11T14:46:29+00:00\",\"description\":\"In der Umgebung von Les Arcs im Herzen der Alpen genie\u00dfen Sie den idealen Rahmen f\u00fcr einen gelungenen Urlaub in den Bergen. Vermietung von Holzh\u00fctten oder Caravaneige, Wintersport ... Genie\u00dfen Sie einen Aufenthalt im Schnee in Savoie.\",\"breadcrumb\":{\"@id\":\"https:\/\/www.chalets-bourgsaintmaurice.com\/de\/#breadcrumb\"},\"inLanguage\":\"de-DE\",\"potentialAction\":[{\"@type\":\"ReadAction\",\"target\":[\"https:\/\/www.chalets-bourgsaintmaurice.com\/de\/\"]}]},{\"@type\":\"BreadcrumbList\",\"@id\":\"https:\/\/www.chalets-bourgsaintmaurice.com\/de\/#breadcrumb\",\"itemListElement\":[{\"@type\":\"ListItem\",\"position\":1,\"name\":\"Home\",\"item\":\"https:\/\/www.chalets-bourgsaintmaurice.com\/de\/\"},{\"@type\":\"ListItem\",\"position\":2,\"name\":\"Home\"}]},{\"@type\":\"WebSite\",\"@id\":\"https:\/\/www.chalets-bourgsaintmaurice.com\/de\/#website\",\"url\":\"https:\/\/www.chalets-bourgsaintmaurice.com\/de\/\",\"name\":\"Les Chalets de Bourg-St-Maurice\",\"description\":\"Just another Citykamp site\",\"potentialAction\":[{\"@type\":\"SearchAction\",\"target\":{\"@type\":\"EntryPoint\",\"urlTemplate\":\"https:\/\/www.chalets-bourgsaintmaurice.com\/de\/?s={search_term_string}\"},\"query-input\":{\"@type\":\"PropertyValueSpecification\",\"valueRequired\":true,\"valueName\":\"search_term_string\"}}],\"inLanguage\":\"de-DE\"}]}<\/script>\n<!-- \/ Yoast SEO plugin. -->","yoast_head_json":{"title":"\u00dcbernachten Sie in diesem Winter in einem Chalet oder Winterwohnwagen in Bourg-St-Maurice | Huttopia","description":"In der Umgebung von Les Arcs im Herzen der Alpen genie\u00dfen Sie den idealen Rahmen f\u00fcr einen gelungenen Urlaub in den Bergen. Vermietung von Holzh\u00fctten oder Caravaneige, Wintersport ... Genie\u00dfen Sie einen Aufenthalt im Schnee in Savoie.","robots":{"index":"index","follow":"follow","max-snippet":"max-snippet:-1","max-image-preview":"max-image-preview:large","max-video-preview":"max-video-preview:-1"},"canonical":"https:\/\/www.chalets-bourgsaintmaurice.com\/de\/","og_locale":"de_DE","og_type":"article","og_title":"\u00dcbernachten Sie in diesem Winter in einem Chalet oder Winterwohnwagen in Bourg-St-Maurice | Huttopia","og_description":"In der Umgebung von Les Arcs im Herzen der Alpen genie\u00dfen Sie den idealen Rahmen f\u00fcr einen gelungenen Urlaub in den Bergen. Vermietung von Holzh\u00fctten oder Caravaneige, Wintersport ... Genie\u00dfen Sie einen Aufenthalt im Schnee in Savoie.","og_url":"https:\/\/www.chalets-bourgsaintmaurice.com\/de\/","og_site_name":"Les Chalets de Bourg-St-Maurice","article_modified_time":"2025-08-11T14:46:29+00:00","twitter_card":"summary_large_image","twitter_misc":{"Est. reading time":"4 Minuten"},"schema":{"@context":"https:\/\/schema.org","@graph":[{"@type":"WebPage","@id":"https:\/\/www.chalets-bourgsaintmaurice.com\/de\/","url":"https:\/\/www.chalets-bourgsaintmaurice.com\/de\/","name":"\u00dcbernachten Sie in diesem Winter in einem Chalet oder Winterwohnwagen in Bourg-St-Maurice | Huttopia","isPartOf":{"@id":"https:\/\/www.chalets-bourgsaintmaurice.com\/de\/#website"},"datePublished":"2018-07-04T14:09:56+00:00","dateModified":"2025-08-11T14:46:29+00:00","description":"In der Umgebung von Les Arcs im Herzen der Alpen genie\u00dfen Sie den idealen Rahmen f\u00fcr einen gelungenen Urlaub in den Bergen. Vermietung von Holzh\u00fctten oder Caravaneige, Wintersport ... Genie\u00dfen Sie einen Aufenthalt im Schnee in Savoie.","breadcrumb":{"@id":"https:\/\/www.chalets-bourgsaintmaurice.com\/de\/#breadcrumb"},"inLanguage":"de-DE","potentialAction":[{"@type":"ReadAction","target":["https:\/\/www.chalets-bourgsaintmaurice.com\/de\/"]}]},{"@type":"BreadcrumbList","@id":"https:\/\/www.chalets-bourgsaintmaurice.com\/de\/#breadcrumb","itemListElement":[{"@type":"ListItem","position":1,"name":"Home","item":"https:\/\/www.chalets-bourgsaintmaurice.com\/de\/"},{"@type":"ListItem","position":2,"name":"Home"}]},{"@type":"WebSite","@id":"https:\/\/www.chalets-bourgsaintmaurice.com\/de\/#website","url":"https:\/\/www.chalets-bourgsaintmaurice.com\/de\/","name":"Les Chalets de Bourg-St-Maurice","description":"Just another Citykamp site","potentialAction":[{"@type":"SearchAction","target":{"@type":"EntryPoint","urlTemplate":"https:\/\/www.chalets-bourgsaintmaurice.com\/de\/?s={search_term_string}"},"query-input":{"@type":"PropertyValueSpecification","valueRequired":true,"valueName":"search_term_string"}}],"inLanguage":"de-DE"}]}},"_links":{"self":[{"href":"https:\/\/www.chalets-bourgsaintmaurice.com\/de\/wp-json\/wp\/v2\/pages\/270","targetHints":{"allow":["GET"]}}],"collection":[{"href":"https:\/\/www.chalets-bourgsaintmaurice.com\/de\/wp-json\/wp\/v2\/pages"}],"about":[{"href":"https:\/\/www.chalets-bourgsaintmaurice.com\/de\/wp-json\/wp\/v2\/types\/page"}],"author":[{"embeddable":true,"href":"https:\/\/www.chalets-bourgsaintmaurice.com\/de\/wp-json\/wp\/v2\/users\/1"}],"replies":[{"embeddable":true,"href":"https:\/\/www.chalets-bourgsaintmaurice.com\/de\/wp-json\/wp\/v2\/comments?post=270"}],"version-history":[{"count":4,"href":"https:\/\/www.chalets-bourgsaintmaurice.com\/de\/wp-json\/wp\/v2\/pages\/270\/revisions"}],"predecessor-version":[{"id":1700,"href":"https:\/\/www.chalets-bourgsaintmaurice.com\/de\/wp-json\/wp\/v2\/pages\/270\/revisions\/1700"}],"wp:attachment":[{"href":"https:\/\/www.chalets-bourgsaintmaurice.com\/de\/wp-json\/wp\/v2\/media?parent=270"}],"curies":[{"name":"wp","href":"https:\/\/api.w.org\/{rel}","templated":true}]}}