{"id":1220,"date":"2020-10-14T14:41:00","date_gmt":"2020-10-14T14:41:00","guid":{"rendered":"https:\/\/www.chalets-bourgsaintmaurice.com\/?page_id=1220"},"modified":"2020-10-14T14:41:01","modified_gmt":"2020-10-14T14:41:01","slug":"gesundheitszertifizierung-und-hygienemassnahmen","status":"publish","type":"page","link":"https:\/\/www.chalets-bourgsaintmaurice.com\/de\/gesundheitszertifizierung-und-hygienemassnahmen\/","title":{"rendered":"Gesundheitszertifizierung und hygienemassnahmen"},"content":{"rendered":"<div class=\"wpb-content-wrapper\"><p>[vc_row css=&#8220;.vc_custom_1602517904817{padding-top: 50px !important;background-color: #e8e8e8 !important;}&#8220;][vc_column css=&#8220;.vc_custom_1602516989997{padding-top: 50px !important;}&#8220;][vc_column_text css=&#8220;.vc_custom_1602686217495{padding-top: 50px !important;padding-bottom: 30px !important;}&#8220;]<\/p>\n<h1 style=\"text-align: center;\"><strong><span style=\"color: #333333; font-size: 20pt;\">IHR SICHEREN AUFENTHALT MIT SOCOTEC GESUNDHEITSSCHUTZZERTIFIZIERUNG EXKLUSIVE HUTTOPIA<\/span><\/strong><\/h1>\n<p>[\/vc_column_text][\/vc_column][\/vc_row][vc_row css=&#8220;.vc_custom_1602684997316{padding-top: 10px !important;background-color: #23afc2 !important;}&#8220;][vc_column css=&#8220;.vc_custom_1602516989997{padding-top: 50px !important;}&#8220;][vc_column_text css=&#8220;.vc_custom_1602686232542{padding-top: 20px !important;padding-bottom: 30px !important;}&#8220;]<\/p>\n<p style=\"text-align: center;\"><span style=\"font-size: 14pt;\"><strong><span style=\"color: #ffffff;\">STORNIERUNG UND \u00c4NDERUNG SIND BIS 14 TAGE VOR ANKUNFTSDATUM KOSTENLOS<\/span><\/strong><\/span><\/p>\n<p style=\"text-align: center;\"><span style=\"color: #ffffff;\"><em>(G\u00fcltig f\u00fcr alle Buchungen bis 4. Dezember 2020, nur zu Classic-Tarif)<\/em><\/span><\/p>\n<p>[\/vc_column_text][\/vc_column][\/vc_row][vc_row][vc_column]<div class=\"wrappedcontent\">[vc_row_inner equal_height=&#8220;yes&#8220; gap=&#8220;35&#8243;][vc_column_inner width=&#8220;1\/2&#8243;][vc_masonry_media_grid element_width=&#8220;12&#8243; gap=&#8220;0&#8243; item=&#8220;42&#8243; grid_id=&#8220;vc_gid:1602686183092-2a21196c-b1ad-9&#8243; include=&#8220;1179&#8243;][\/vc_column_inner][vc_column_inner width=&#8220;1\/2&#8243;][vc_empty_space height=&#8220;35px&#8220;][vc_column_text]<\/p>\n<h2><span style=\"font-size: 16pt;\">Volkommen Sicher<\/span><\/h2>\n<p>Die Huttopia-Gruppe arbeitete mit Hygienikern, \u00c4rzten und Qualit\u00e4tsexperten der SOCOTEC-Gruppe an neuen Protokollen betreffend einer Zertifizierung, die ein H\u00f6chstma\u00df an Hygiene und gesundheitlicher Qualit\u00e4t gew\u00e4hrleistet.<\/p>\n<p>SOCOTEC ist dank seiner Audits und Empfehlungen ein anerkannter vertrauensw\u00fcrdiger Dritter und garantiert die Einhaltung unserer eingegangen Verpflichtungen. Sauberkeit und Hygiene sind bei Huttopia schon immer von gr\u00f6\u00dfter Wichtigkeit und wir werden daher ab der Er\u00f6ffnung unserer Standorte noch weitere verst\u00e4rkte gesundheitsf\u00f6rdernde Ma\u00dfnahmen ergreifen.<\/p>\n<p><a href=\"https:\/\/www.chalets-bourgsaintmaurice.com\/de\/certification-sanitaire-et-mesures-dhygiene\/#engagements\"><span style=\"text-decoration: underline; font-size: 14pt;\"><em><strong>&gt; UNSERE HYGIENEVERPFLICHTUNGEN<\/strong><\/em><\/span><\/a>[\/vc_column_text][\/vc_column_inner][\/vc_row_inner]<\/div>[\/vc_column][\/vc_row][vc_row css=&#8220;.vc_custom_1602517240771{background-color: #e8e8e8 !important;}&#8220;][vc_column]<div class=\"wrappedcontent\">[vc_column_text]<\/p>\n<h2 style=\"text-align: center;\"><span style=\"font-size: 14pt;\">Versch\u00e4rfte Ma\u1e9enahmen und spezielle Richtlinien f\u00fcr diese Saison:<\/span><\/h2>\n<p style=\"text-align: center;\"><span style=\"font-size: 14pt; color: #333333;\"><span style=\"text-decoration: underline;\"><a style=\"color: #333333; text-decoration: underline;\" href=\"https:\/\/www.chalets-bourgsaintmaurice.com\/de\/certification-sanitaire-et-mesures-dhygiene\/#chalets\"><strong>&gt; In den Holzchalets<\/strong><\/a>\u00a0<\/span> \u00a0\u00a0<strong>\u00a0|\u00a0 \u00a0<\/strong>\u00a0\u00a0<span style=\"text-decoration: underline;\"><a style=\"color: #333333; text-decoration: underline;\" href=\"https:\/\/www.chalets-bourgsaintmaurice.com\/de\/certification-sanitaire-et-mesures-dhygiene\/#sanitaires\"><strong>&gt; In sanit\u00e4ranlagen<\/strong><\/a><\/span><\/span><\/p>\n<p>[\/vc_column_text]<\/div>[\/vc_column][\/vc_row][vc_row el_id=&#8220;engagements&#8220;][vc_column]<div class=\"wrappedcontent\">[vc_row_inner gap=&#8220;35&#8243;][vc_column_inner width=&#8220;1\/2&#8243;][vc_column_text]<\/p>\n<h2><span style=\"font-size: 14pt;\">Unser engagement f\u00fcr einen sorgf\u00e4ltigen winteraufnahme bei Bourg St Maurice:<\/span><\/h2>\n<div>\n<p><strong>1.<\/strong>\u00a0die\u00a0<strong>Empfehlungen der franz\u00f6sischen Gesundheitsbeh\u00f6rde<\/strong>\u00a0und den von Fachm\u00e4nnern der Freilufthotellerie erstellten Gesundheitsplan zu respektieren.<\/p>\n<p><strong>2.<\/strong>\u00a0unsere Teams in\u00a0<strong>Abstand- und Hygieneregeln<\/strong>\u00a0sowie Gesundheitsprotokollen zu schulen und mit\u00a0<strong>Schutzausr\u00fcstungen<\/strong>\u00a0auszustatten.<\/p>\n<p><strong>3.<\/strong>\u00a0Hinweisschilder, die an die Abstand- und Hygieneregeln erinnern aufzuh\u00e4ngen sowie die neu einzuhaltende Gehrichtung mit\u00a0<strong>entsprechenden Markierungen<\/strong>\u00a0an den von den G\u00e4sten gemeinsam genutzten Orten (Rezeption, Gemeinschaftsbereich, Sanit\u00e4ranlagen usw.) auszuweisen.<\/p>\n<p><strong>4.<\/strong>\u00a0<strong>H\u00e4ndedesinfektionsgel, Desinfektionsmittel<\/strong>\u00a0oder Seife f\u00fcr die G\u00e4ste und Mitarbeiter an den wichtigsten gemeinschaftlich genutzten Orten zur Verf\u00fcgung zu stellen und auf h\u00e4ufige Kontaktpunkte hinzuweisen.<\/p>\n<p><strong>5.<\/strong>\u00a0in \u00dcbereinstimmung mit dem Gesundheitsplan mehrmals t\u00e4glich eine\u00a0<strong>rigorose und verst\u00e4rkte viruzide Reinigung<\/strong>\u00a0der von allen genutzten R\u00e4umlichkeiten und Sanit\u00e4ranlagen sowie bei jedem Kundenwechsel der betroffenen Unterkunft durchzuf\u00fchren.<\/p>\n<p><strong>6.<\/strong>\u00a0Die\u00a0<strong>Anreise- und Abreiseverfahren anzupassen<\/strong>, um die Anwesenheit von G\u00e4sten am Empfang zu begrenzen.<\/p>\n<p><strong>7.<\/strong>\u00a0unsere Mitarbeiter im Fall von Krankheitssymptomen anzuhalten, zu Hause zu bleiben. Falls bei einem unserer Kunden oder Mitarbeiter der Verdacht einer Covid-19-Ansteckung besteht, befolgen wir in \u00dcbereinstimmung mit den Empfehlungen der franz\u00f6sischen Gesundheitsbeh\u00f6rde die<strong>\u00a0vorgegebenen Risikomanagementma\u00dfnahmen<\/strong>.<\/p>\n<p><strong>8.<\/strong>\u00a0Entsprechend den Empfehlungen der Gesundheitsbeh\u00f6rden f\u00fcr alle unsere Serviceleistungen die v<strong>ersch\u00e4rften Zugangs- und Hygienevorschriften<\/strong>\u00a0anzuwenden.<\/p>\n<\/div>\n<p>[\/vc_column_text][\/vc_column_inner][vc_column_inner width=&#8220;1\/2&#8243;][vc_masonry_media_grid element_width=&#8220;12&#8243; gap=&#8220;0&#8243; grid_id=&#8220;vc_gid:1602686183411-c6216724-5758-0&#8243; include=&#8220;1183&#8243;][\/vc_column_inner][\/vc_row_inner]<\/div>[\/vc_column][\/vc_row][vc_row css=&#8220;.vc_custom_1602518165583{background-color: #e8e8e8 !important;}&#8220; el_id=&#8220;chalets&#8220;][vc_column]<div class=\"wrappedcontent\">[vc_row_inner equal_height=&#8220;yes&#8220; gap=&#8220;35&#8243;][vc_column_inner width=&#8220;1\/2&#8243;][vc_masonry_media_grid element_width=&#8220;12&#8243; gap=&#8220;0&#8243; grid_id=&#8220;vc_gid:1602686183562-9dad4f87-7a5c-2&#8243; include=&#8220;1203&#8243;][\/vc_column_inner][vc_column_inner width=&#8220;1\/2&#8243;][vc_column_text]<\/p>\n<h2><span style=\"font-size: 14pt;\">In den Holzchalets<\/span><\/h2>\n<div>\n<p>Wir haben mit gro\u00dfer Sorgfalt die Reinigungsverfahren unserer Mietunterk\u00fcnfte den Umst\u00e4nden angepasst. Unsere zus\u00e4tzlichen\u00a0<strong>Reinigungsteams wurden geschult und sind verpflichtet, bei ihrer Arbeit Handschuhe, Masken und Schutzbrillen zu tragen.<\/strong>.<\/p>\n<p>Die\u00a0<strong>Unterk\u00fcnfte werden innen sowie au\u00dfen systematisch mit daf\u00fcr gesetzlich zugelassenen Mitteln desinfiziert<\/strong>, insbesondere Kontaktfl\u00e4chen (Sp\u00fclbecken, Lichtschalter, Wasserh\u00e4hne, T\u00fcrklinken, Tische, St\u00fchle, Geschirr, Haushaltsger\u00e4te, Bettw\u00e4sche usw.). Die Mietunterk\u00fcnfte werden w\u00e4hrend der ganzen Reinigungsdauer durchgehend gel\u00fcftet.<\/p>\n<p>Wir bitten unsere Kunden, die Einwegbez\u00fcge von Ihren Matratzen und Kissen selbst zu entfernen und sie, in einem M\u00fcllsack verpackt, in den daf\u00fcr vorgesehenen Beh\u00e4lter zu werfen.<\/p>\n<p><em>Bettw\u00e4sche und Handt\u00fccher sind bei Huttopia Font-Romeu, Huttopia Bourg-St-Maurice, Huttopia Vallouise und Huttopia Bozel en Vanoise enthalten.<\/em><\/p>\n<\/div>\n<p>[\/vc_column_text][\/vc_column_inner][\/vc_row_inner]<\/div>[\/vc_column][\/vc_row][vc_row el_id=&#8220;sanitaires&#8220;][vc_column]<div class=\"wrappedcontent\">[vc_row_inner equal_height=&#8220;yes&#8220; gap=&#8220;35&#8243;][vc_column_inner width=&#8220;1\/2&#8243;][vc_column_text]<\/p>\n<h2><span style=\"font-size: 14pt;\">In gemeinsam benutzten Sanit\u00e4ranlagen<\/span><\/h2>\n<div>\n<p>Dort, wo die Abstandsregeln nicht eingehalten werden k\u00f6nnen, sind die Einrichtungen gesperrt bzw. ist nur jede zweite Einrichtung benutzbar (z.B.: bei nebeneinander befindliche Waschbecken).<\/p>\n<p>Da, wo es m\u00f6glich ist, finden Sie eine zu respektierende\u00a0<strong>Gehrichtung<\/strong>\u00a0mit separatem Ein- und Ausgang des Geb\u00e4udes.<\/p>\n<p>Die Anzahl der\u00a0<strong>Reinigungsrunden wurde von einmal auf dreimal t\u00e4glich erh\u00f6ht<\/strong>\u00a0und die Reinigungs- und Desinfektionsverfahren wurden der Situation angepasst.<\/p>\n<p>Zus\u00e4tzlich hat jeder \u2013 dank des vor Ort\u00a0<strong>zur Verf\u00fcgung gestellten Desinfektionsmittels und Papiers<\/strong>\u00a0\u2013 noch einmal die M\u00f6glichkeit, sogenannte Kontaktstellen (T\u00fcrklinken, Wasserh\u00e4hne, Duschk\u00f6pfe, Toilettenbrillen\u2026) selbst zu desinfizieren.<\/p>\n<p>Folgende\u00a0<strong>Hygiene- und Verhaltensregeln<\/strong>\u00a0sind auf dem Campinggel\u00e4nde einzuhalten:<\/p>\n<p>\u2013 Respektieren Sie die Abstand- und Hygieneregeln sowie die Maskenpflicht, wenn Sie sich auf dem Campinggel\u00e4nde bewegen.<br \/>\n\u2013 Vermeiden Sie, in den G\u00e4ngen der Sanit\u00e4ranlagen stehenzubleiben: Warten Sie gegebenenfalls im Freien und beachten Sie dabei den vorgegebenen Sicherheitsabstand von 1 Meter.<br \/>\n\u2013 Sobald Sie den Sanit\u00e4rblock betreten, waschen Sie sich zum Schutz aller Ihre H\u00e4nde mit Seife oder desinfizieren Sie sie mit einem Ihnen zur Verf\u00fcgung stehenden hydroalkoholischen Gel.<\/p>\n<\/div>\n<p>[\/vc_column_text][\/vc_column_inner][vc_column_inner width=&#8220;1\/2&#8243;][vc_masonry_media_grid element_width=&#8220;12&#8243; gap=&#8220;0&#8243; grid_id=&#8220;vc_gid:1602686183845-51f28071-e6bf-1&#8243; include=&#8220;1208&#8243;][\/vc_column_inner][\/vc_row_inner]<\/div>[\/vc_column][\/vc_row][vc_row css=&#8220;.vc_custom_1602517841876{background-color: #e8e8e8 !important;}&#8220;][vc_column]<div class=\"wrappedcontent\">[vc_column_text]<\/p>\n<p style=\"text-align: center;\"><span style=\"font-size: 14pt;\"><strong>Unsere Teams freuen sich bereits, Sie zu einem gelungenen, unvergesslichen Urlaub im Schnee willkommen zu hei\u00dfen.<\/strong><\/span><\/p>\n<p style=\"text-align: center;\">Ihr Winterabenteuer in Bourg-St-Maurice kann beginnen!<\/p>\n<p style=\"text-align: center;\"><img loading=\"lazy\" decoding=\"async\" class=\"wp-image-146999 aligncenter\" src=\"https:\/\/europe.huttopia.com\/content\/uploads\/2020\/05\/SOC-Label-management-du-risque-sanitaire_Plan-de-travail-1-300x119.png\" sizes=\"auto, (max-width: 179px) 100vw, 179px\" srcset=\"https:\/\/europe.huttopia.com\/uploads\/2020\/05\/SOC-Label-management-du-risque-sanitaire_Plan-de-travail-1-300x119.png 300w, https:\/\/europe.huttopia.com\/uploads\/2020\/05\/SOC-Label-management-du-risque-sanitaire_Plan-de-travail-1-768x306.png 768w, https:\/\/europe.huttopia.com\/uploads\/2020\/05\/SOC-Label-management-du-risque-sanitaire_Plan-de-travail-1-1024x408.png 1024w, https:\/\/europe.huttopia.com\/uploads\/2020\/05\/SOC-Label-management-du-risque-sanitaire_Plan-de-travail-1.png 1293w\" alt=\"\" width=\"179\" height=\"71\" \/><\/p>\n<p style=\"text-align: center;\">Mehr Informationen auf\u00a0<a href=\"http:\/\/www.socotec.fr\/\">www.socotec.fr<\/a><\/p>\n<p>[\/vc_column_text]<\/div>[\/vc_column][\/vc_row]<\/p>\n<\/div>","protected":false},"excerpt":{"rendered":"<p>[vc_row css=&#8220;.vc_custom_1602517904817{padding-top: 50px !important;background-color: #e8e8e8 !important;}&#8220;][vc_column css=&#8220;.vc_custom_1602516989997{padding-top: 50px !important;}&#8220;][vc_column_text css=&#8220;.vc_custom_1602686217495{padding-top: 50px !important;padding-bottom: 30px !important;}&#8220;] IHR SICHEREN AUFENTHALT MIT SOCOTEC GESUNDHEITSSCHUTZZERTIFIZIERUNG EXKLUSIVE HUTTOPIA [\/vc_column_text][\/vc_column][\/vc_row][vc_row css=&#8220;.vc_custom_1602684997316{padding-top: 10px !important;background-color: #23afc2 !important;}&#8220;][vc_column css=&#8220;.vc_custom_1602516989997{padding-top: 50px !important;}&#8220;][vc_column_text css=&#8220;.vc_custom_1602686232542{padding-top: 20px !important;padding-bottom: 30px !important;}&#8220;] STORNIERUNG UND \u00c4NDERUNG SIND BIS 14 TAGE VOR ANKUNFTSDATUM KOSTENLOS (G\u00fcltig f\u00fcr alle Buchungen bis 4. Dezember 2020, nur &hellip;<\/p>\n","protected":false},"author":4,"featured_media":0,"parent":0,"menu_order":0,"comment_status":"closed","ping_status":"closed","template":"","meta":{"footnotes":""},"class_list":["post-1220","page","type-page","status-publish","hentry"],"yoast_head":"<!-- This site is optimized with the Yoast SEO plugin v25.6 - https:\/\/yoast.com\/wordpress\/plugins\/seo\/ -->\n<title>Gesundheitszertifizierung und hygienemassnahmen - Les Chalets de Bourg-St-Maurice<\/title>\n<meta name=\"description\" content=\"Sauberkeit und Hygiene waren an unseren Standorten schon immer von gr\u00f6\u00dfter Bedeutung, um Ihnen diesen Winter einen sch\u00f6nen und komfortablen Urlaub zu bieten.\" \/>\n<meta name=\"robots\" content=\"index, follow, max-snippet:-1, max-image-preview:large, max-video-preview:-1\" \/>\n<link rel=\"canonical\" href=\"https:\/\/www.chalets-bourgsaintmaurice.com\/de\/gesundheitszertifizierung-und-hygienemassnahmen\/\" \/>\n<meta property=\"og:locale\" content=\"de_DE\" \/>\n<meta property=\"og:type\" content=\"article\" \/>\n<meta property=\"og:title\" content=\"Gesundheitszertifizierung und hygienemassnahmen - Les Chalets de Bourg-St-Maurice\" \/>\n<meta property=\"og:description\" content=\"Sauberkeit und Hygiene waren an unseren Standorten schon immer von gr\u00f6\u00dfter Bedeutung, um Ihnen diesen Winter einen sch\u00f6nen und komfortablen Urlaub zu bieten.\" \/>\n<meta property=\"og:url\" content=\"https:\/\/www.chalets-bourgsaintmaurice.com\/de\/gesundheitszertifizierung-und-hygienemassnahmen\/\" \/>\n<meta property=\"og:site_name\" content=\"Les Chalets de Bourg-St-Maurice\" \/>\n<meta property=\"article:modified_time\" content=\"2020-10-14T14:41:01+00:00\" \/>\n<meta property=\"og:image\" content=\"https:\/\/europe.huttopia.com\/content\/uploads\/2020\/05\/SOC-Label-management-du-risque-sanitaire_Plan-de-travail-1-300x119.png\" \/>\n<meta name=\"twitter:card\" content=\"summary_large_image\" \/>\n<meta name=\"twitter:label1\" content=\"Est. reading time\" \/>\n\t<meta name=\"twitter:data1\" content=\"5 Minuten\" \/>\n<script type=\"application\/ld+json\" class=\"yoast-schema-graph\">{\"@context\":\"https:\/\/schema.org\",\"@graph\":[{\"@type\":\"WebPage\",\"@id\":\"https:\/\/www.chalets-bourgsaintmaurice.com\/de\/gesundheitszertifizierung-und-hygienemassnahmen\/\",\"url\":\"https:\/\/www.chalets-bourgsaintmaurice.com\/de\/gesundheitszertifizierung-und-hygienemassnahmen\/\",\"name\":\"Gesundheitszertifizierung und hygienemassnahmen - Les Chalets de Bourg-St-Maurice\",\"isPartOf\":{\"@id\":\"https:\/\/www.chalets-bourgsaintmaurice.com\/de\/#website\"},\"primaryImageOfPage\":{\"@id\":\"https:\/\/www.chalets-bourgsaintmaurice.com\/de\/gesundheitszertifizierung-und-hygienemassnahmen\/#primaryimage\"},\"image\":{\"@id\":\"https:\/\/www.chalets-bourgsaintmaurice.com\/de\/gesundheitszertifizierung-und-hygienemassnahmen\/#primaryimage\"},\"thumbnailUrl\":\"https:\/\/europe.huttopia.com\/content\/uploads\/2020\/05\/SOC-Label-management-du-risque-sanitaire_Plan-de-travail-1-300x119.png\",\"datePublished\":\"2020-10-14T14:41:00+00:00\",\"dateModified\":\"2020-10-14T14:41:01+00:00\",\"description\":\"Sauberkeit und Hygiene waren an unseren Standorten schon immer von gr\u00f6\u00dfter Bedeutung, um Ihnen diesen Winter einen sch\u00f6nen und komfortablen Urlaub zu bieten.\",\"breadcrumb\":{\"@id\":\"https:\/\/www.chalets-bourgsaintmaurice.com\/de\/gesundheitszertifizierung-und-hygienemassnahmen\/#breadcrumb\"},\"inLanguage\":\"de-DE\",\"potentialAction\":[{\"@type\":\"ReadAction\",\"target\":[\"https:\/\/www.chalets-bourgsaintmaurice.com\/de\/gesundheitszertifizierung-und-hygienemassnahmen\/\"]}]},{\"@type\":\"ImageObject\",\"inLanguage\":\"de-DE\",\"@id\":\"https:\/\/www.chalets-bourgsaintmaurice.com\/de\/gesundheitszertifizierung-und-hygienemassnahmen\/#primaryimage\",\"url\":\"https:\/\/europe.huttopia.com\/content\/uploads\/2020\/05\/SOC-Label-management-du-risque-sanitaire_Plan-de-travail-1-300x119.png\",\"contentUrl\":\"https:\/\/europe.huttopia.com\/content\/uploads\/2020\/05\/SOC-Label-management-du-risque-sanitaire_Plan-de-travail-1-300x119.png\"},{\"@type\":\"BreadcrumbList\",\"@id\":\"https:\/\/www.chalets-bourgsaintmaurice.com\/de\/gesundheitszertifizierung-und-hygienemassnahmen\/#breadcrumb\",\"itemListElement\":[{\"@type\":\"ListItem\",\"position\":1,\"name\":\"Home\",\"item\":\"https:\/\/www.chalets-bourgsaintmaurice.com\/de\/\"},{\"@type\":\"ListItem\",\"position\":2,\"name\":\"Gesundheitszertifizierung und hygienemassnahmen\"}]},{\"@type\":\"WebSite\",\"@id\":\"https:\/\/www.chalets-bourgsaintmaurice.com\/de\/#website\",\"url\":\"https:\/\/www.chalets-bourgsaintmaurice.com\/de\/\",\"name\":\"Les Chalets de Bourg-St-Maurice\",\"description\":\"Just another Citykamp site\",\"potentialAction\":[{\"@type\":\"SearchAction\",\"target\":{\"@type\":\"EntryPoint\",\"urlTemplate\":\"https:\/\/www.chalets-bourgsaintmaurice.com\/de\/?s={search_term_string}\"},\"query-input\":{\"@type\":\"PropertyValueSpecification\",\"valueRequired\":true,\"valueName\":\"search_term_string\"}}],\"inLanguage\":\"de-DE\"}]}<\/script>\n<!-- \/ Yoast SEO plugin. -->","yoast_head_json":{"title":"Gesundheitszertifizierung und hygienemassnahmen - Les Chalets de Bourg-St-Maurice","description":"Sauberkeit und Hygiene waren an unseren Standorten schon immer von gr\u00f6\u00dfter Bedeutung, um Ihnen diesen Winter einen sch\u00f6nen und komfortablen Urlaub zu bieten.","robots":{"index":"index","follow":"follow","max-snippet":"max-snippet:-1","max-image-preview":"max-image-preview:large","max-video-preview":"max-video-preview:-1"},"canonical":"https:\/\/www.chalets-bourgsaintmaurice.com\/de\/gesundheitszertifizierung-und-hygienemassnahmen\/","og_locale":"de_DE","og_type":"article","og_title":"Gesundheitszertifizierung und hygienemassnahmen - Les Chalets de Bourg-St-Maurice","og_description":"Sauberkeit und Hygiene waren an unseren Standorten schon immer von gr\u00f6\u00dfter Bedeutung, um Ihnen diesen Winter einen sch\u00f6nen und komfortablen Urlaub zu bieten.","og_url":"https:\/\/www.chalets-bourgsaintmaurice.com\/de\/gesundheitszertifizierung-und-hygienemassnahmen\/","og_site_name":"Les Chalets de Bourg-St-Maurice","article_modified_time":"2020-10-14T14:41:01+00:00","og_image":[{"url":"https:\/\/europe.huttopia.com\/content\/uploads\/2020\/05\/SOC-Label-management-du-risque-sanitaire_Plan-de-travail-1-300x119.png","type":"","width":"","height":""}],"twitter_card":"summary_large_image","twitter_misc":{"Est. reading time":"5 Minuten"},"schema":{"@context":"https:\/\/schema.org","@graph":[{"@type":"WebPage","@id":"https:\/\/www.chalets-bourgsaintmaurice.com\/de\/gesundheitszertifizierung-und-hygienemassnahmen\/","url":"https:\/\/www.chalets-bourgsaintmaurice.com\/de\/gesundheitszertifizierung-und-hygienemassnahmen\/","name":"Gesundheitszertifizierung und hygienemassnahmen - Les Chalets de Bourg-St-Maurice","isPartOf":{"@id":"https:\/\/www.chalets-bourgsaintmaurice.com\/de\/#website"},"primaryImageOfPage":{"@id":"https:\/\/www.chalets-bourgsaintmaurice.com\/de\/gesundheitszertifizierung-und-hygienemassnahmen\/#primaryimage"},"image":{"@id":"https:\/\/www.chalets-bourgsaintmaurice.com\/de\/gesundheitszertifizierung-und-hygienemassnahmen\/#primaryimage"},"thumbnailUrl":"https:\/\/europe.huttopia.com\/content\/uploads\/2020\/05\/SOC-Label-management-du-risque-sanitaire_Plan-de-travail-1-300x119.png","datePublished":"2020-10-14T14:41:00+00:00","dateModified":"2020-10-14T14:41:01+00:00","description":"Sauberkeit und Hygiene waren an unseren Standorten schon immer von gr\u00f6\u00dfter Bedeutung, um Ihnen diesen Winter einen sch\u00f6nen und komfortablen Urlaub zu bieten.","breadcrumb":{"@id":"https:\/\/www.chalets-bourgsaintmaurice.com\/de\/gesundheitszertifizierung-und-hygienemassnahmen\/#breadcrumb"},"inLanguage":"de-DE","potentialAction":[{"@type":"ReadAction","target":["https:\/\/www.chalets-bourgsaintmaurice.com\/de\/gesundheitszertifizierung-und-hygienemassnahmen\/"]}]},{"@type":"ImageObject","inLanguage":"de-DE","@id":"https:\/\/www.chalets-bourgsaintmaurice.com\/de\/gesundheitszertifizierung-und-hygienemassnahmen\/#primaryimage","url":"https:\/\/europe.huttopia.com\/content\/uploads\/2020\/05\/SOC-Label-management-du-risque-sanitaire_Plan-de-travail-1-300x119.png","contentUrl":"https:\/\/europe.huttopia.com\/content\/uploads\/2020\/05\/SOC-Label-management-du-risque-sanitaire_Plan-de-travail-1-300x119.png"},{"@type":"BreadcrumbList","@id":"https:\/\/www.chalets-bourgsaintmaurice.com\/de\/gesundheitszertifizierung-und-hygienemassnahmen\/#breadcrumb","itemListElement":[{"@type":"ListItem","position":1,"name":"Home","item":"https:\/\/www.chalets-bourgsaintmaurice.com\/de\/"},{"@type":"ListItem","position":2,"name":"Gesundheitszertifizierung und hygienemassnahmen"}]},{"@type":"WebSite","@id":"https:\/\/www.chalets-bourgsaintmaurice.com\/de\/#website","url":"https:\/\/www.chalets-bourgsaintmaurice.com\/de\/","name":"Les Chalets de Bourg-St-Maurice","description":"Just another Citykamp site","potentialAction":[{"@type":"SearchAction","target":{"@type":"EntryPoint","urlTemplate":"https:\/\/www.chalets-bourgsaintmaurice.com\/de\/?s={search_term_string}"},"query-input":{"@type":"PropertyValueSpecification","valueRequired":true,"valueName":"search_term_string"}}],"inLanguage":"de-DE"}]}},"_links":{"self":[{"href":"https:\/\/www.chalets-bourgsaintmaurice.com\/de\/wp-json\/wp\/v2\/pages\/1220","targetHints":{"allow":["GET"]}}],"collection":[{"href":"https:\/\/www.chalets-bourgsaintmaurice.com\/de\/wp-json\/wp\/v2\/pages"}],"about":[{"href":"https:\/\/www.chalets-bourgsaintmaurice.com\/de\/wp-json\/wp\/v2\/types\/page"}],"author":[{"embeddable":true,"href":"https:\/\/www.chalets-bourgsaintmaurice.com\/de\/wp-json\/wp\/v2\/users\/4"}],"replies":[{"embeddable":true,"href":"https:\/\/www.chalets-bourgsaintmaurice.com\/de\/wp-json\/wp\/v2\/comments?post=1220"}],"version-history":[{"count":2,"href":"https:\/\/www.chalets-bourgsaintmaurice.com\/de\/wp-json\/wp\/v2\/pages\/1220\/revisions"}],"predecessor-version":[{"id":1222,"href":"https:\/\/www.chalets-bourgsaintmaurice.com\/de\/wp-json\/wp\/v2\/pages\/1220\/revisions\/1222"}],"wp:attachment":[{"href":"https:\/\/www.chalets-bourgsaintmaurice.com\/de\/wp-json\/wp\/v2\/media?parent=1220"}],"curies":[{"name":"wp","href":"https:\/\/api.w.org\/{rel}","templated":true}]}}